{"id":3099,"date":"2023-01-08T14:44:04","date_gmt":"2023-01-08T13:44:04","guid":{"rendered":"https:\/\/rival-haas.hu\/contact\/"},"modified":"2024-05-24T08:48:16","modified_gmt":"2024-05-24T06:48:16","slug":"contact","status":"publish","type":"page","link":"https:\/\/rival-haas.hu\/en\/contact\/","title":{"rendered":"Contact"},"content":{"rendered":"\n<h2>\n\t\tContact\n\t<\/h2>\n\t<p>We are pleased that you have reached our contact page. You have probably spent some time getting to know our company and our products. Do you have any questions for us or would you like to get to know us personally? We look forward to personal contact with you and to providing you with individual advice and support.<\/p>\n<h3>\n\t\tContact us\n\t<\/h3>\n\t\t\t\t\t\t\t&quot;required&quot; indicates required fields\n                        <form method='post' enctype='multipart\/form-data' target='gform_ajax_frame_1' id='gform_1'  action='\/en\/?page_id=3099&#038;fl_builder#gf_1' data-formid='1' novalidate>\n                        <label class='gfield_label gform-field-label' for='input_1_1'>Company<\/label><input name='input_1' id='input_1_1' type='text' value='' class='large'   tabindex='100' placeholder='Company'  aria-invalid=\"false\"   \/> <label class='gfield_label gform-field-label' for='input_1_3'>First namerequired<\/label><input name='input_3' id='input_1_3' type='text' value='' class='large'   tabindex='101' placeholder='First name' aria-required=\"true\" aria-invalid=\"false\"   \/> <label class='gfield_label gform-field-label' for='input_1_4'>Last namerequired<\/label><input name='input_4' id='input_1_4' type='text' value='' class='large'   tabindex='102' placeholder='Last name' aria-required=\"true\" aria-invalid=\"false\"   \/> <label class='gfield_label gform-field-label' for='input_1_5'>E-mail addressrequired<\/label>\n                            <input name='input_5' id='input_1_5' type='email' value='' class='large' tabindex='103'  placeholder='E-mail address' aria-required=\"true\" aria-invalid=\"false\"  \/>\n                        <label class='gfield_label gform-field-label' for='input_1_6'>Phone number<\/label><input name='input_6' id='input_1_6' type='tel' value='' class='large' tabindex='104' placeholder='Phone number'  aria-invalid=\"false\"   \/><label class='gfield_label gform-field-label' for='input_1_7'>Search purpose<\/label><input name='input_7' id='input_1_7' type='text' value='' class='large'   tabindex='105' placeholder='Search purpose'  aria-invalid=\"false\"   \/> <label class='gfield_label gform-field-label' for='input_1_8'>Your message to usrequired<\/label><textarea name='input_8' id='input_1_8' class='textarea large' tabindex='106'    aria-required=\"true\" aria-invalid=\"false\"   rows='10' cols='50'><\/textarea><fieldset id=\"field_1_9\"  data-js-reload=\"field_1_9\"><legend class='gfield_label gform-field-label gfield_label_before_complex'>Datenschutz best\u00e4tigenrequired<\/legend>\n\t\t\t\t\t\t\t\t<input class='gfield-choice-input' name='input_9.1' type='checkbox'  value='&lt;span style=&quot;color:#333333;font-size:14px&quot;&gt;&lt;b&gt;Confirm data protection:&lt;\/b&gt; The protection of your personal data is important to us. Please confirm: I have read the privacy policy. I consent to my data being collected and stored electronically in order to respond to my request. You can withdraw your consent at any time by sending an e-mail to the address below: info@rival-haas.hu.   &lt;\/span&gt;'  id='choice_1_9_1' tabindex='107'  \/>\n\t\t\t\t\t\t\t\t<label for='choice_1_9_1' id='label_1_9_1' class='gform-field-label gform-field-label--type-inline'><b>Confirm data protection:<\/b> The protection of your personal data is important to us. Please confirm: I have read the privacy policy. I consent to my data being collected and stored electronically in order to respond to my request. You can withdraw your consent at any time by sending an e-mail to the address below: info@rival-haas.hu.   <\/label>\n\t\t\t\t\t\t\t<\/fieldset><label class='gfield_label gform-field-label' for='input_1_10'>Email<\/label><input name='input_10' id='input_1_10' type='text' value='' autocomplete='new-password'\/>This field is for validation purposes and should be left unchanged.\n         <input type='submit' id='gform_submit_button_1' class='gform_button button' value='Sending' tabindex='108' onclick='if(window[\"gf_submitting_1\"]){return false;}  if( !jQuery(\"#gform_1\")[0].checkValidity || jQuery(\"#gform_1\")[0].checkValidity()){window[\"gf_submitting_1\"]=true;}  ' onkeypress='if( event.keyCode == 13 ){ if(window[\"gf_submitting_1\"]){return false;} if( !jQuery(\"#gform_1\")[0].checkValidity || jQuery(\"#gform_1\")[0].checkValidity()){window[\"gf_submitting_1\"]=true;}  jQuery(\"#gform_1\").trigger(\"submit\",[true]); }' \/> <input type='hidden' name='gform_ajax' value='form_id=1&amp;title=&amp;description=&amp;tabindex=100&amp;theme=gravity-theme' \/>\n            <input type='hidden' class='gform_hidden' name='is_submit_1' value='1' \/>\n            <input type='hidden' class='gform_hidden' name='gform_submit' value='1' \/>\n            <input type='hidden' class='gform_hidden' name='gform_unique_id' value='' \/>\n            <input type='hidden' class='gform_hidden' name='state_1' value='WyJbXSIsImM3ODAwMjFjZmViMWZiMzBmMWVhMWNlMTI0YjA5N2M2Il0=' \/>\n            <input type='hidden' class='gform_hidden' name='gform_target_page_number_1' id='gform_target_page_number_1' value='0' \/>\n            <input type='hidden' class='gform_hidden' name='gform_source_page_number_1' id='gform_source_page_number_1' value='1' \/>\n            <input type='hidden' name='gform_field_values' value='' \/>\n                        <\/form>\n\t\t                <iframe style='display:none;width:0px;height:0px;' src='about:blank' name='gform_ajax_frame_1' id='gform_ajax_frame_1' title='This iframe contains the logic required to handle Ajax powered Gravity Forms.'><\/iframe>\n<h4>\n\t\tLAJTA-HAAS Kft.\n\t<\/h4>\n\t<a href=\"https:\/\/www.google.de\/maps\/dir\/\/Mosonmagyar%C3%B3v%C3%A1r,+Lajta-Haas+Kft.,+Mosonszentj%C3%A1nosi+u.+1,+9200+Ungarn\/@47.8509672,17.2601095,17z\/data=!4m8!4m7!1m0!1m5!1m1!1s0x476b89d55dfa37c5:0xfc5d8978ab7fe223!2m2!1d17.2624489!2d47.8510588\" target=\"_blank\" role=\"button\" rel=\"noopener\" aria-label=\"PLAN DIRECTIONS\">\n\t\t\t\t\t\tPLAN DIRECTIONS\n\t\t\t<\/a>\n\t<p>#\u00c1LL\u00c1SJELENTKEZ\u00c9S<\/p>\n\t<p>Become part of our team<\/p>\n\t<p>Would you like to participate? <\/p>\n\t<p>Do you like our products and do you live near Mosonmagyar\u00f3v\u00e1r? Then be a member of the Rival\u00ae family. <\/p>\n\t<a href=\"https:\/\/rival-haas.hu\/en\/career\/\" target=\"_self\" role=\"button\" aria-label=\"VACANCIES\" rel=\"noopener\">\n\t\t\t\t\t\tVACANCIES\n\t\t\t<\/a>\n\t<p>Download catalogues<\/p>\n\t<p>Would you like to view our products at a later date and prefer to use printed media? Then you&#8217;ve come to the right place with our download product catalogues.<\/p>\n\t<a href=\"https:\/\/rival-haas.hu\/en\/downloads\/\" target=\"_self\" role=\"button\" aria-label=\"DOWNLOAD AREA\" rel=\"noopener\">\n\t\t\t\t\t\tDOWNLOAD AREA\n\t\t\t<\/a>\n\t\t\t\t\t\t\t<img decoding=\"async\" src=\"https:\/\/rival-haas.hu\/wp-content\/uploads\/recyclinglinie.png\" alt=\"RECYCLINGLINIE BY RIVAL\" data-no-lazy=\"1\" \/>\n                            \n                                RECYCLINGLINIE BY RIVAL                            \n\t\t\t\t\t\t\t<img decoding=\"async\" src=\"https:\/\/rival-haas.hu\/wp-content\/uploads\/madeinhungary.png\" alt=\"MADE IN HUNGARY\" data-no-lazy=\"1\" \/>\n                            \n                                MADE IN HUNGARY                            \n\t\t\t\t\t\t\t<img decoding=\"async\" src=\"https:\/\/rival-haas.hu\/wp-content\/uploads\/madeingermany.png\" alt=\"MADE IN GERMANY\" data-no-lazy=\"1\" \/>\n                            \n                                MADE IN GERMANY                            \n\t\t\t\t\t\t\t<img decoding=\"async\" src=\"https:\/\/rival-haas.hu\/wp-content\/uploads\/FSC.png\" alt=\"FSC\u00ae C114387\" data-no-lazy=\"1\" \/>\n                            \n                                FSC\u00ae C114387                            \n\n","protected":false},"excerpt":{"rendered":"<p>Contact We are pleased that you have reached our contact page. You have probably spent some time getting to know our company and our products. Do you have any questions for us or would you like to get to know us personally? We look forward to personal contact with you and to providing you with&hellip;<\/p>\n","protected":false},"author":1,"featured_media":0,"parent":0,"menu_order":600,"comment_status":"closed","ping_status":"closed","template":"","meta":{"footnotes":""},"class_list":["post-3099","page","type-page","status-publish","hentry"],"yoast_head":"<!-- This site is optimized with the Yoast SEO plugin v21.7 - https:\/\/yoast.com\/wordpress\/plugins\/seo\/ -->\n<title>Contact - Lajta-Haas Kft.<\/title>\n<meta name=\"robots\" content=\"index, follow, max-snippet:-1, max-image-preview:large, max-video-preview:-1\" \/>\n<link rel=\"canonical\" href=\"https:\/\/rival-haas.hu\/en\/contact\/\" \/>\n<meta property=\"og:locale\" content=\"en_US\" \/>\n<meta property=\"og:type\" content=\"article\" \/>\n<meta property=\"og:title\" content=\"Contact - Lajta-Haas Kft.\" \/>\n<meta property=\"og:description\" content=\"Contact We are pleased that you have reached our contact page. You have probably spent some time getting to know our company and our products. Do you have any questions for us or would you like to get to know us personally? We look forward to personal contact with you and to providing you with&hellip;\" \/>\n<meta property=\"og:url\" content=\"https:\/\/rival-haas.hu\/en\/contact\/\" \/>\n<meta property=\"og:site_name\" content=\"Lajta-Haas Kft.\" \/>\n<meta property=\"article:modified_time\" content=\"2024-05-24T06:48:16+00:00\" \/>\n<meta property=\"og:image\" content=\"https:\/\/rival-haas.hu\/wp-content\/uploads\/recyclinglinie.png\" \/>\n<meta name=\"twitter:card\" content=\"summary_large_image\" \/>\n<meta name=\"twitter:label1\" content=\"Est. reading time\" \/>\n\t<meta name=\"twitter:data1\" content=\"1 minute\" \/>\n<script type=\"application\/ld+json\" class=\"yoast-schema-graph\">{\"@context\":\"https:\/\/schema.org\",\"@graph\":[{\"@type\":\"WebPage\",\"@id\":\"https:\/\/rival-haas.hu\/en\/contact\/\",\"url\":\"https:\/\/rival-haas.hu\/en\/contact\/\",\"name\":\"Contact - Lajta-Haas Kft.\",\"isPartOf\":{\"@id\":\"https:\/\/rival-haas.hu\/en\/#website\"},\"datePublished\":\"2023-01-08T13:44:04+00:00\",\"dateModified\":\"2024-05-24T06:48:16+00:00\",\"inLanguage\":\"en-US\",\"potentialAction\":[{\"@type\":\"ReadAction\",\"target\":[\"https:\/\/rival-haas.hu\/en\/contact\/\"]}]},{\"@type\":\"WebSite\",\"@id\":\"https:\/\/rival-haas.hu\/en\/#website\",\"url\":\"https:\/\/rival-haas.hu\/en\/\",\"name\":\"Lajta-Haas Kft.\",\"description\":\"\",\"potentialAction\":[{\"@type\":\"SearchAction\",\"target\":{\"@type\":\"EntryPoint\",\"urlTemplate\":\"https:\/\/rival-haas.hu\/en\/?s={search_term_string}\"},\"query-input\":\"required name=search_term_string\"}],\"inLanguage\":\"en-US\"}]}<\/script>\n<!-- \/ Yoast SEO plugin. -->","yoast_head_json":{"title":"Contact - Lajta-Haas Kft.","robots":{"index":"index","follow":"follow","max-snippet":"max-snippet:-1","max-image-preview":"max-image-preview:large","max-video-preview":"max-video-preview:-1"},"canonical":"https:\/\/rival-haas.hu\/en\/contact\/","og_locale":"en_US","og_type":"article","og_title":"Contact - Lajta-Haas Kft.","og_description":"Contact We are pleased that you have reached our contact page. You have probably spent some time getting to know our company and our products. Do you have any questions for us or would you like to get to know us personally? We look forward to personal contact with you and to providing you with&hellip;","og_url":"https:\/\/rival-haas.hu\/en\/contact\/","og_site_name":"Lajta-Haas Kft.","article_modified_time":"2024-05-24T06:48:16+00:00","og_image":[{"url":"https:\/\/rival-haas.hu\/wp-content\/uploads\/recyclinglinie.png"}],"twitter_card":"summary_large_image","twitter_misc":{"Est. reading time":"1 minute"},"schema":{"@context":"https:\/\/schema.org","@graph":[{"@type":"WebPage","@id":"https:\/\/rival-haas.hu\/en\/contact\/","url":"https:\/\/rival-haas.hu\/en\/contact\/","name":"Contact - Lajta-Haas Kft.","isPartOf":{"@id":"https:\/\/rival-haas.hu\/en\/#website"},"datePublished":"2023-01-08T13:44:04+00:00","dateModified":"2024-05-24T06:48:16+00:00","inLanguage":"en-US","potentialAction":[{"@type":"ReadAction","target":["https:\/\/rival-haas.hu\/en\/contact\/"]}]},{"@type":"WebSite","@id":"https:\/\/rival-haas.hu\/en\/#website","url":"https:\/\/rival-haas.hu\/en\/","name":"Lajta-Haas Kft.","description":"","potentialAction":[{"@type":"SearchAction","target":{"@type":"EntryPoint","urlTemplate":"https:\/\/rival-haas.hu\/en\/?s={search_term_string}"},"query-input":"required name=search_term_string"}],"inLanguage":"en-US"}]}},"_links":{"self":[{"href":"https:\/\/rival-haas.hu\/en\/wp-json\/wp\/v2\/pages\/3099","targetHints":{"allow":["GET"]}}],"collection":[{"href":"https:\/\/rival-haas.hu\/en\/wp-json\/wp\/v2\/pages"}],"about":[{"href":"https:\/\/rival-haas.hu\/en\/wp-json\/wp\/v2\/types\/page"}],"author":[{"embeddable":true,"href":"https:\/\/rival-haas.hu\/en\/wp-json\/wp\/v2\/users\/1"}],"replies":[{"embeddable":true,"href":"https:\/\/rival-haas.hu\/en\/wp-json\/wp\/v2\/comments?post=3099"}],"version-history":[{"count":14,"href":"https:\/\/rival-haas.hu\/en\/wp-json\/wp\/v2\/pages\/3099\/revisions"}],"predecessor-version":[{"id":3259,"href":"https:\/\/rival-haas.hu\/en\/wp-json\/wp\/v2\/pages\/3099\/revisions\/3259"}],"wp:attachment":[{"href":"https:\/\/rival-haas.hu\/en\/wp-json\/wp\/v2\/media?parent=3099"}],"curies":[{"name":"wp","href":"https:\/\/api.w.org\/{rel}","templated":true}]}}