{"id":1067,"date":"2023-03-14T11:15:23","date_gmt":"2023-03-14T10:15:23","guid":{"rendered":"http:\/\/wp.rival-haas.hu\/?post_type=product&#038;p=1067"},"modified":"2023-04-16T22:32:36","modified_gmt":"2023-04-16T20:32:36","slug":"express-gumiszoru-partvis","status":"publish","type":"product","link":"https:\/\/rival-haas.hu\/en\/products\/express-gumiszoru-partvis\/","title":{"rendered":"EXPRESS gumisz\u0151r\u0171 partvis"},"content":{"rendered":"","protected":false},"excerpt":{"rendered":"<p>130 cm-es teleszk\u00f3pny\u00e9llel<\/p>\n","protected":false},"featured_media":1071,"comment_status":"open","ping_status":"closed","template":"","meta":[],"product_cat":[34,95],"product_tag":[],"class_list":{"0":"post-1067","1":"product","2":"type-product","3":"status-publish","4":"has-post-thumbnail","6":"product_cat-klasszikusaink-ismert-jol-bevallt-termekeink","7":"product_cat-padloapolas-szarazon","9":"first","10":"instock","11":"shipping-taxable","12":"product-type-simple"},"yoast_head":"<!-- This site is optimized with the Yoast SEO plugin v21.7 - https:\/\/yoast.com\/wordpress\/plugins\/seo\/ -->\n<title>EXPRESS gumisz\u0151r\u0171 partvis - Lajta-Haas Kft.<\/title>\n<meta name=\"robots\" content=\"index, follow, max-snippet:-1, max-image-preview:large, max-video-preview:-1\" \/>\n<link rel=\"canonical\" href=\"https:\/\/rival-haas.hu\/en\/products\/express-gumiszoru-partvis\/\" \/>\n<meta property=\"og:locale\" content=\"en_US\" \/>\n<meta property=\"og:type\" content=\"article\" \/>\n<meta property=\"og:title\" content=\"EXPRESS gumisz\u0151r\u0171 partvis - Lajta-Haas Kft.\" \/>\n<meta property=\"og:description\" content=\"130 cm-es teleszk\u00f3pny\u00e9llel\" \/>\n<meta property=\"og:url\" content=\"https:\/\/rival-haas.hu\/en\/products\/express-gumiszoru-partvis\/\" \/>\n<meta property=\"og:site_name\" content=\"Lajta-Haas Kft.\" \/>\n<meta property=\"article:modified_time\" content=\"2023-04-16T20:32:36+00:00\" \/>\n<meta property=\"og:image\" content=\"https:\/\/rival-haas.hu\/wp-content\/uploads\/express-gumiszoru-partvis-583208-scaled-1.jpg\" \/>\n\t<meta property=\"og:image:width\" content=\"1000\" \/>\n\t<meta property=\"og:image:height\" content=\"800\" \/>\n\t<meta property=\"og:image:type\" content=\"image\/jpeg\" \/>\n<meta name=\"twitter:card\" content=\"summary_large_image\" \/>\n<script type=\"application\/ld+json\" class=\"yoast-schema-graph\">{\"@context\":\"https:\/\/schema.org\",\"@graph\":[{\"@type\":\"WebPage\",\"@id\":\"https:\/\/rival-haas.hu\/en\/products\/express-gumiszoru-partvis\/\",\"url\":\"https:\/\/rival-haas.hu\/en\/products\/express-gumiszoru-partvis\/\",\"name\":\"EXPRESS gumisz\u0151r\u0171 partvis - Lajta-Haas Kft.\",\"isPartOf\":{\"@id\":\"https:\/\/rival-haas.hu\/en\/#website\"},\"datePublished\":\"2023-03-14T10:15:23+00:00\",\"dateModified\":\"2023-04-16T20:32:36+00:00\",\"breadcrumb\":{\"@id\":\"https:\/\/rival-haas.hu\/en\/products\/express-gumiszoru-partvis\/#breadcrumb\"},\"inLanguage\":\"en-US\",\"potentialAction\":[{\"@type\":\"ReadAction\",\"target\":[\"https:\/\/rival-haas.hu\/en\/products\/express-gumiszoru-partvis\/\"]}]},{\"@type\":\"BreadcrumbList\",\"@id\":\"https:\/\/rival-haas.hu\/en\/products\/express-gumiszoru-partvis\/#breadcrumb\",\"itemListElement\":[{\"@type\":\"ListItem\",\"position\":1,\"name\":\"Shop\",\"item\":\"https:\/\/rival-haas.hu\/en\/shop\/\"},{\"@type\":\"ListItem\",\"position\":2,\"name\":\"EXPRESS gumisz\u0151r\u0171 partvis\"}]},{\"@type\":\"WebSite\",\"@id\":\"https:\/\/rival-haas.hu\/en\/#website\",\"url\":\"https:\/\/rival-haas.hu\/en\/\",\"name\":\"Lajta-Haas Kft.\",\"description\":\"\",\"potentialAction\":[{\"@type\":\"SearchAction\",\"target\":{\"@type\":\"EntryPoint\",\"urlTemplate\":\"https:\/\/rival-haas.hu\/en\/?s={search_term_string}\"},\"query-input\":\"required name=search_term_string\"}],\"inLanguage\":\"en-US\"}]}<\/script>\n<!-- \/ Yoast SEO plugin. -->","yoast_head_json":{"title":"EXPRESS gumisz\u0151r\u0171 partvis - Lajta-Haas Kft.","robots":{"index":"index","follow":"follow","max-snippet":"max-snippet:-1","max-image-preview":"max-image-preview:large","max-video-preview":"max-video-preview:-1"},"canonical":"https:\/\/rival-haas.hu\/en\/products\/express-gumiszoru-partvis\/","og_locale":"en_US","og_type":"article","og_title":"EXPRESS gumisz\u0151r\u0171 partvis - Lajta-Haas Kft.","og_description":"130 cm-es teleszk\u00f3pny\u00e9llel","og_url":"https:\/\/rival-haas.hu\/en\/products\/express-gumiszoru-partvis\/","og_site_name":"Lajta-Haas Kft.","article_modified_time":"2023-04-16T20:32:36+00:00","og_image":[{"width":1000,"height":800,"url":"https:\/\/rival-haas.hu\/wp-content\/uploads\/express-gumiszoru-partvis-583208-scaled-1.jpg","type":"image\/jpeg"}],"twitter_card":"summary_large_image","schema":{"@context":"https:\/\/schema.org","@graph":[{"@type":"WebPage","@id":"https:\/\/rival-haas.hu\/en\/products\/express-gumiszoru-partvis\/","url":"https:\/\/rival-haas.hu\/en\/products\/express-gumiszoru-partvis\/","name":"EXPRESS gumisz\u0151r\u0171 partvis - Lajta-Haas Kft.","isPartOf":{"@id":"https:\/\/rival-haas.hu\/en\/#website"},"datePublished":"2023-03-14T10:15:23+00:00","dateModified":"2023-04-16T20:32:36+00:00","breadcrumb":{"@id":"https:\/\/rival-haas.hu\/en\/products\/express-gumiszoru-partvis\/#breadcrumb"},"inLanguage":"en-US","potentialAction":[{"@type":"ReadAction","target":["https:\/\/rival-haas.hu\/en\/products\/express-gumiszoru-partvis\/"]}]},{"@type":"BreadcrumbList","@id":"https:\/\/rival-haas.hu\/en\/products\/express-gumiszoru-partvis\/#breadcrumb","itemListElement":[{"@type":"ListItem","position":1,"name":"Shop","item":"https:\/\/rival-haas.hu\/en\/shop\/"},{"@type":"ListItem","position":2,"name":"EXPRESS gumisz\u0151r\u0171 partvis"}]},{"@type":"WebSite","@id":"https:\/\/rival-haas.hu\/en\/#website","url":"https:\/\/rival-haas.hu\/en\/","name":"Lajta-Haas Kft.","description":"","potentialAction":[{"@type":"SearchAction","target":{"@type":"EntryPoint","urlTemplate":"https:\/\/rival-haas.hu\/en\/?s={search_term_string}"},"query-input":"required name=search_term_string"}],"inLanguage":"en-US"}]}},"_links":{"self":[{"href":"https:\/\/rival-haas.hu\/en\/wp-json\/wp\/v2\/product\/1067","targetHints":{"allow":["GET"]}}],"collection":[{"href":"https:\/\/rival-haas.hu\/en\/wp-json\/wp\/v2\/product"}],"about":[{"href":"https:\/\/rival-haas.hu\/en\/wp-json\/wp\/v2\/types\/product"}],"replies":[{"embeddable":true,"href":"https:\/\/rival-haas.hu\/en\/wp-json\/wp\/v2\/comments?post=1067"}],"wp:featuredmedia":[{"embeddable":true,"href":"https:\/\/rival-haas.hu\/en\/wp-json\/wp\/v2\/media\/1071"}],"wp:attachment":[{"href":"https:\/\/rival-haas.hu\/en\/wp-json\/wp\/v2\/media?parent=1067"}],"wp:term":[{"taxonomy":"product_cat","embeddable":true,"href":"https:\/\/rival-haas.hu\/en\/wp-json\/wp\/v2\/product_cat?post=1067"},{"taxonomy":"product_tag","embeddable":true,"href":"https:\/\/rival-haas.hu\/en\/wp-json\/wp\/v2\/product_tag?post=1067"}],"curies":[{"name":"wp","href":"https:\/\/api.w.org\/{rel}","templated":true}]}}