{"id":1264,"date":"2023-03-17T09:30:28","date_gmt":"2023-03-17T08:30:28","guid":{"rendered":"http:\/\/wp.rival-haas.hu\/produkt\/frischhaltestapel-boxen-wellen-set-3-flach-hoch\/"},"modified":"2023-05-10T09:48:52","modified_gmt":"2023-05-10T07:48:52","slug":"frischhaltestapel-boxen-wellen-set-3-flach-hoch","status":"publish","type":"product","link":"https:\/\/rival-haas.hu\/en\/products\/frischhaltestapel-boxen-wellen-set-3-flach-hoch\/","title":{"rendered":"Frissen tart\u00f3, h\u00e1romr\u00e9szes, emeletes lez\u00e1rhat\u00f3 hull\u00e1mtet\u0151s \u00e9lelmiszert\u00e1rol\u00f3odboz"},"content":{"rendered":"<p>2x (151610), 1x (151650)<\/p>\n","protected":false},"excerpt":{"rendered":"<p>H\u00e1rom az egyben. A h\u00e1rom r\u00e9szb\u0151l \u00e1ll\u00f3 t\u00e1rol\u00f3doboz k\u00fcl\u00f6n\u00f6sebb er\u0151fesz\u00edt\u00e9s n\u00e9lk\u00fcl egym\u00e1sra rakhat\u00f3k, \u00e9s nem foglalnak sok helyet a h\u0171t\u0151ben. A f\u00fclekkel a dobozok gyorsan \u00e9s egyszer\u0171en, egy kattint\u00e1ssal z\u00e1rhat\u00f3k.<\/p>\n","protected":false},"featured_media":1265,"comment_status":"closed","ping_status":"closed","template":"","meta":[],"product_cat":[110,65],"product_tag":[],"class_list":{"0":"post-1264","1":"product","2":"type-product","3":"status-publish","4":"has-post-thumbnail","6":"product_cat-haztartas","7":"product_cat-haztartasi-muanyag-eszkozok","9":"first","10":"instock","11":"shipping-taxable","12":"product-type-simple"},"yoast_head":"<!-- This site is optimized with the Yoast SEO plugin v21.7 - https:\/\/yoast.com\/wordpress\/plugins\/seo\/ -->\n<title>Frissen tart\u00f3, h\u00e1romr\u00e9szes, emeletes lez\u00e1rhat\u00f3 hull\u00e1mtet\u0151s \u00e9lelmiszert\u00e1rol\u00f3odboz - Lajta-Haas Kft.<\/title>\n<meta name=\"robots\" content=\"index, follow, max-snippet:-1, max-image-preview:large, max-video-preview:-1\" \/>\n<link rel=\"canonical\" href=\"https:\/\/rival-haas.hu\/en\/products\/frischhaltestapel-boxen-wellen-set-3-flach-hoch\/\" \/>\n<meta property=\"og:locale\" content=\"en_US\" \/>\n<meta property=\"og:type\" content=\"article\" \/>\n<meta property=\"og:title\" content=\"Frissen tart\u00f3, h\u00e1romr\u00e9szes, emeletes lez\u00e1rhat\u00f3 hull\u00e1mtet\u0151s \u00e9lelmiszert\u00e1rol\u00f3odboz - Lajta-Haas Kft.\" \/>\n<meta property=\"og:description\" content=\"H\u00e1rom az egyben. A h\u00e1rom r\u00e9szb\u0151l \u00e1ll\u00f3 t\u00e1rol\u00f3doboz k\u00fcl\u00f6n\u00f6sebb er\u0151fesz\u00edt\u00e9s n\u00e9lk\u00fcl egym\u00e1sra rakhat\u00f3k, \u00e9s nem foglalnak sok helyet a h\u0171t\u0151ben. A f\u00fclekkel a dobozok gyorsan \u00e9s egyszer\u0171en, egy kattint\u00e1ssal z\u00e1rhat\u00f3k.\" \/>\n<meta property=\"og:url\" content=\"https:\/\/rival-haas.hu\/en\/products\/frischhaltestapel-boxen-wellen-set-3-flach-hoch\/\" \/>\n<meta property=\"og:site_name\" content=\"Lajta-Haas Kft.\" \/>\n<meta property=\"article:modified_time\" content=\"2023-05-10T07:48:52+00:00\" \/>\n<meta property=\"og:image\" content=\"https:\/\/rival-haas.hu\/wp-content\/uploads\/151640.jpeg\" \/>\n\t<meta property=\"og:image:width\" content=\"1000\" \/>\n\t<meta property=\"og:image:height\" content=\"800\" \/>\n\t<meta property=\"og:image:type\" content=\"image\/jpeg\" \/>\n<meta name=\"twitter:card\" content=\"summary_large_image\" \/>\n<meta name=\"twitter:label1\" content=\"Est. reading time\" \/>\n\t<meta name=\"twitter:data1\" content=\"1 minute\" \/>\n<script type=\"application\/ld+json\" class=\"yoast-schema-graph\">{\"@context\":\"https:\/\/schema.org\",\"@graph\":[{\"@type\":\"WebPage\",\"@id\":\"https:\/\/rival-haas.hu\/en\/products\/frischhaltestapel-boxen-wellen-set-3-flach-hoch\/\",\"url\":\"https:\/\/rival-haas.hu\/en\/products\/frischhaltestapel-boxen-wellen-set-3-flach-hoch\/\",\"name\":\"Frissen tart\u00f3, h\u00e1romr\u00e9szes, emeletes lez\u00e1rhat\u00f3 hull\u00e1mtet\u0151s \u00e9lelmiszert\u00e1rol\u00f3odboz - Lajta-Haas Kft.\",\"isPartOf\":{\"@id\":\"https:\/\/rival-haas.hu\/en\/#website\"},\"datePublished\":\"2023-03-17T08:30:28+00:00\",\"dateModified\":\"2023-05-10T07:48:52+00:00\",\"breadcrumb\":{\"@id\":\"https:\/\/rival-haas.hu\/en\/products\/frischhaltestapel-boxen-wellen-set-3-flach-hoch\/#breadcrumb\"},\"inLanguage\":\"en-US\",\"potentialAction\":[{\"@type\":\"ReadAction\",\"target\":[\"https:\/\/rival-haas.hu\/en\/products\/frischhaltestapel-boxen-wellen-set-3-flach-hoch\/\"]}]},{\"@type\":\"BreadcrumbList\",\"@id\":\"https:\/\/rival-haas.hu\/en\/products\/frischhaltestapel-boxen-wellen-set-3-flach-hoch\/#breadcrumb\",\"itemListElement\":[{\"@type\":\"ListItem\",\"position\":1,\"name\":\"Shop\",\"item\":\"https:\/\/rival-haas.hu\/en\/shop\/\"},{\"@type\":\"ListItem\",\"position\":2,\"name\":\"Frissen tart\u00f3, h\u00e1romr\u00e9szes, emeletes lez\u00e1rhat\u00f3 hull\u00e1mtet\u0151s \u00e9lelmiszert\u00e1rol\u00f3odboz\"}]},{\"@type\":\"WebSite\",\"@id\":\"https:\/\/rival-haas.hu\/en\/#website\",\"url\":\"https:\/\/rival-haas.hu\/en\/\",\"name\":\"Lajta-Haas Kft.\",\"description\":\"\",\"potentialAction\":[{\"@type\":\"SearchAction\",\"target\":{\"@type\":\"EntryPoint\",\"urlTemplate\":\"https:\/\/rival-haas.hu\/en\/?s={search_term_string}\"},\"query-input\":\"required name=search_term_string\"}],\"inLanguage\":\"en-US\"}]}<\/script>\n<!-- \/ Yoast SEO plugin. -->","yoast_head_json":{"title":"Frissen tart\u00f3, h\u00e1romr\u00e9szes, emeletes lez\u00e1rhat\u00f3 hull\u00e1mtet\u0151s \u00e9lelmiszert\u00e1rol\u00f3odboz - Lajta-Haas Kft.","robots":{"index":"index","follow":"follow","max-snippet":"max-snippet:-1","max-image-preview":"max-image-preview:large","max-video-preview":"max-video-preview:-1"},"canonical":"https:\/\/rival-haas.hu\/en\/products\/frischhaltestapel-boxen-wellen-set-3-flach-hoch\/","og_locale":"en_US","og_type":"article","og_title":"Frissen tart\u00f3, h\u00e1romr\u00e9szes, emeletes lez\u00e1rhat\u00f3 hull\u00e1mtet\u0151s \u00e9lelmiszert\u00e1rol\u00f3odboz - Lajta-Haas Kft.","og_description":"H\u00e1rom az egyben. A h\u00e1rom r\u00e9szb\u0151l \u00e1ll\u00f3 t\u00e1rol\u00f3doboz k\u00fcl\u00f6n\u00f6sebb er\u0151fesz\u00edt\u00e9s n\u00e9lk\u00fcl egym\u00e1sra rakhat\u00f3k, \u00e9s nem foglalnak sok helyet a h\u0171t\u0151ben. A f\u00fclekkel a dobozok gyorsan \u00e9s egyszer\u0171en, egy kattint\u00e1ssal z\u00e1rhat\u00f3k.","og_url":"https:\/\/rival-haas.hu\/en\/products\/frischhaltestapel-boxen-wellen-set-3-flach-hoch\/","og_site_name":"Lajta-Haas Kft.","article_modified_time":"2023-05-10T07:48:52+00:00","og_image":[{"width":1000,"height":800,"url":"https:\/\/rival-haas.hu\/wp-content\/uploads\/151640.jpeg","type":"image\/jpeg"}],"twitter_card":"summary_large_image","twitter_misc":{"Est. reading time":"1 minute"},"schema":{"@context":"https:\/\/schema.org","@graph":[{"@type":"WebPage","@id":"https:\/\/rival-haas.hu\/en\/products\/frischhaltestapel-boxen-wellen-set-3-flach-hoch\/","url":"https:\/\/rival-haas.hu\/en\/products\/frischhaltestapel-boxen-wellen-set-3-flach-hoch\/","name":"Frissen tart\u00f3, h\u00e1romr\u00e9szes, emeletes lez\u00e1rhat\u00f3 hull\u00e1mtet\u0151s \u00e9lelmiszert\u00e1rol\u00f3odboz - Lajta-Haas Kft.","isPartOf":{"@id":"https:\/\/rival-haas.hu\/en\/#website"},"datePublished":"2023-03-17T08:30:28+00:00","dateModified":"2023-05-10T07:48:52+00:00","breadcrumb":{"@id":"https:\/\/rival-haas.hu\/en\/products\/frischhaltestapel-boxen-wellen-set-3-flach-hoch\/#breadcrumb"},"inLanguage":"en-US","potentialAction":[{"@type":"ReadAction","target":["https:\/\/rival-haas.hu\/en\/products\/frischhaltestapel-boxen-wellen-set-3-flach-hoch\/"]}]},{"@type":"BreadcrumbList","@id":"https:\/\/rival-haas.hu\/en\/products\/frischhaltestapel-boxen-wellen-set-3-flach-hoch\/#breadcrumb","itemListElement":[{"@type":"ListItem","position":1,"name":"Shop","item":"https:\/\/rival-haas.hu\/en\/shop\/"},{"@type":"ListItem","position":2,"name":"Frissen tart\u00f3, h\u00e1romr\u00e9szes, emeletes lez\u00e1rhat\u00f3 hull\u00e1mtet\u0151s \u00e9lelmiszert\u00e1rol\u00f3odboz"}]},{"@type":"WebSite","@id":"https:\/\/rival-haas.hu\/en\/#website","url":"https:\/\/rival-haas.hu\/en\/","name":"Lajta-Haas Kft.","description":"","potentialAction":[{"@type":"SearchAction","target":{"@type":"EntryPoint","urlTemplate":"https:\/\/rival-haas.hu\/en\/?s={search_term_string}"},"query-input":"required name=search_term_string"}],"inLanguage":"en-US"}]}},"_links":{"self":[{"href":"https:\/\/rival-haas.hu\/en\/wp-json\/wp\/v2\/product\/1264","targetHints":{"allow":["GET"]}}],"collection":[{"href":"https:\/\/rival-haas.hu\/en\/wp-json\/wp\/v2\/product"}],"about":[{"href":"https:\/\/rival-haas.hu\/en\/wp-json\/wp\/v2\/types\/product"}],"replies":[{"embeddable":true,"href":"https:\/\/rival-haas.hu\/en\/wp-json\/wp\/v2\/comments?post=1264"}],"wp:featuredmedia":[{"embeddable":true,"href":"https:\/\/rival-haas.hu\/en\/wp-json\/wp\/v2\/media\/1265"}],"wp:attachment":[{"href":"https:\/\/rival-haas.hu\/en\/wp-json\/wp\/v2\/media?parent=1264"}],"wp:term":[{"taxonomy":"product_cat","embeddable":true,"href":"https:\/\/rival-haas.hu\/en\/wp-json\/wp\/v2\/product_cat?post=1264"},{"taxonomy":"product_tag","embeddable":true,"href":"https:\/\/rival-haas.hu\/en\/wp-json\/wp\/v2\/product_tag?post=1264"}],"curies":[{"name":"wp","href":"https:\/\/api.w.org\/{rel}","templated":true}]}}