{"id":1285,"date":"2023-03-17T10:39:16","date_gmt":"2023-03-17T09:39:16","guid":{"rendered":"http:\/\/wp.rival-haas.hu\/produkt\/safe-box-to-go\/"},"modified":"2023-05-10T09:48:51","modified_gmt":"2023-05-10T07:48:51","slug":"safe-box-to-go","status":"publish","type":"product","link":"https:\/\/rival-haas.hu\/en\/products\/safe-box-to-go\/","title":{"rendered":"&#8220;To go&#8221; z\u00e1rhat\u00f3, hordozhat\u00f3 \u00e9telt\u00e1rol\u00f3 doboz, integr\u00e1lt ev\u0151sezsk\u00f6z\u00f6kkel (k\u00e9s, villa, kan\u00e1l)"},"content":{"rendered":"","protected":false},"excerpt":{"rendered":"<p>A &#8220;To Go&#8221; dbozt nem csak a t\u00f6m\u00edt\u00e9s v\u00e9di a sziv\u00e1rg\u00e1s ellen, hanem a fedel\u00e9ben egy be\u00e9p\u00edtett ev\u0151eszk\u00f6z\u00f6kkel ell\u00e1tott rekesz is tal\u00e1lhat\u00f3.<\/p>\n","protected":false},"featured_media":1286,"comment_status":"closed","ping_status":"closed","template":"","meta":[],"product_cat":[110,65],"product_tag":[],"class_list":{"0":"post-1285","1":"product","2":"type-product","3":"status-publish","4":"has-post-thumbnail","6":"product_cat-haztartas","7":"product_cat-haztartasi-muanyag-eszkozok","9":"first","10":"instock","11":"shipping-taxable","12":"product-type-simple"},"yoast_head":"<!-- This site is optimized with the Yoast SEO plugin v21.7 - https:\/\/yoast.com\/wordpress\/plugins\/seo\/ -->\n<title>&quot;To go&quot; z\u00e1rhat\u00f3, hordozhat\u00f3 \u00e9telt\u00e1rol\u00f3 doboz, integr\u00e1lt ev\u0151sezsk\u00f6z\u00f6kkel (k\u00e9s, villa, kan\u00e1l) - Lajta-Haas Kft.<\/title>\n<meta name=\"robots\" content=\"index, follow, max-snippet:-1, max-image-preview:large, max-video-preview:-1\" \/>\n<link rel=\"canonical\" href=\"https:\/\/rival-haas.hu\/en\/products\/safe-box-to-go\/\" \/>\n<meta property=\"og:locale\" content=\"en_US\" \/>\n<meta property=\"og:type\" content=\"article\" \/>\n<meta property=\"og:title\" content=\"&quot;To go&quot; z\u00e1rhat\u00f3, hordozhat\u00f3 \u00e9telt\u00e1rol\u00f3 doboz, integr\u00e1lt ev\u0151sezsk\u00f6z\u00f6kkel (k\u00e9s, villa, kan\u00e1l) - Lajta-Haas Kft.\" \/>\n<meta property=\"og:description\" content=\"A &quot;To Go&quot; dbozt nem csak a t\u00f6m\u00edt\u00e9s v\u00e9di a sziv\u00e1rg\u00e1s ellen, hanem a fedel\u00e9ben egy be\u00e9p\u00edtett ev\u0151eszk\u00f6z\u00f6kkel ell\u00e1tott rekesz is tal\u00e1lhat\u00f3.\" \/>\n<meta property=\"og:url\" content=\"https:\/\/rival-haas.hu\/en\/products\/safe-box-to-go\/\" \/>\n<meta property=\"og:site_name\" content=\"Lajta-Haas Kft.\" \/>\n<meta property=\"article:modified_time\" content=\"2023-05-10T07:48:51+00:00\" \/>\n<meta property=\"og:image\" content=\"https:\/\/rival-haas.hu\/wp-content\/uploads\/388800.jpeg\" \/>\n\t<meta property=\"og:image:width\" content=\"1000\" \/>\n\t<meta property=\"og:image:height\" content=\"800\" \/>\n\t<meta property=\"og:image:type\" content=\"image\/jpeg\" \/>\n<meta name=\"twitter:card\" content=\"summary_large_image\" \/>\n<script type=\"application\/ld+json\" class=\"yoast-schema-graph\">{\"@context\":\"https:\/\/schema.org\",\"@graph\":[{\"@type\":\"WebPage\",\"@id\":\"https:\/\/rival-haas.hu\/en\/products\/safe-box-to-go\/\",\"url\":\"https:\/\/rival-haas.hu\/en\/products\/safe-box-to-go\/\",\"name\":\"\\\"To go\\\" z\u00e1rhat\u00f3, hordozhat\u00f3 \u00e9telt\u00e1rol\u00f3 doboz, integr\u00e1lt ev\u0151sezsk\u00f6z\u00f6kkel (k\u00e9s, villa, kan\u00e1l) - Lajta-Haas Kft.\",\"isPartOf\":{\"@id\":\"https:\/\/rival-haas.hu\/en\/#website\"},\"datePublished\":\"2023-03-17T09:39:16+00:00\",\"dateModified\":\"2023-05-10T07:48:51+00:00\",\"breadcrumb\":{\"@id\":\"https:\/\/rival-haas.hu\/en\/products\/safe-box-to-go\/#breadcrumb\"},\"inLanguage\":\"en-US\",\"potentialAction\":[{\"@type\":\"ReadAction\",\"target\":[\"https:\/\/rival-haas.hu\/en\/products\/safe-box-to-go\/\"]}]},{\"@type\":\"BreadcrumbList\",\"@id\":\"https:\/\/rival-haas.hu\/en\/products\/safe-box-to-go\/#breadcrumb\",\"itemListElement\":[{\"@type\":\"ListItem\",\"position\":1,\"name\":\"Shop\",\"item\":\"https:\/\/rival-haas.hu\/en\/shop\/\"},{\"@type\":\"ListItem\",\"position\":2,\"name\":\"&#8222;To go&#8221; z\u00e1rhat\u00f3, hordozhat\u00f3 \u00e9telt\u00e1rol\u00f3 doboz, integr\u00e1lt ev\u0151sezsk\u00f6z\u00f6kkel (k\u00e9s, villa, kan\u00e1l)\"}]},{\"@type\":\"WebSite\",\"@id\":\"https:\/\/rival-haas.hu\/en\/#website\",\"url\":\"https:\/\/rival-haas.hu\/en\/\",\"name\":\"Lajta-Haas Kft.\",\"description\":\"\",\"potentialAction\":[{\"@type\":\"SearchAction\",\"target\":{\"@type\":\"EntryPoint\",\"urlTemplate\":\"https:\/\/rival-haas.hu\/en\/?s={search_term_string}\"},\"query-input\":\"required name=search_term_string\"}],\"inLanguage\":\"en-US\"}]}<\/script>\n<!-- \/ Yoast SEO plugin. -->","yoast_head_json":{"title":"\"To go\" z\u00e1rhat\u00f3, hordozhat\u00f3 \u00e9telt\u00e1rol\u00f3 doboz, integr\u00e1lt ev\u0151sezsk\u00f6z\u00f6kkel (k\u00e9s, villa, kan\u00e1l) - Lajta-Haas Kft.","robots":{"index":"index","follow":"follow","max-snippet":"max-snippet:-1","max-image-preview":"max-image-preview:large","max-video-preview":"max-video-preview:-1"},"canonical":"https:\/\/rival-haas.hu\/en\/products\/safe-box-to-go\/","og_locale":"en_US","og_type":"article","og_title":"\"To go\" z\u00e1rhat\u00f3, hordozhat\u00f3 \u00e9telt\u00e1rol\u00f3 doboz, integr\u00e1lt ev\u0151sezsk\u00f6z\u00f6kkel (k\u00e9s, villa, kan\u00e1l) - Lajta-Haas Kft.","og_description":"A \"To Go\" dbozt nem csak a t\u00f6m\u00edt\u00e9s v\u00e9di a sziv\u00e1rg\u00e1s ellen, hanem a fedel\u00e9ben egy be\u00e9p\u00edtett ev\u0151eszk\u00f6z\u00f6kkel ell\u00e1tott rekesz is tal\u00e1lhat\u00f3.","og_url":"https:\/\/rival-haas.hu\/en\/products\/safe-box-to-go\/","og_site_name":"Lajta-Haas Kft.","article_modified_time":"2023-05-10T07:48:51+00:00","og_image":[{"width":1000,"height":800,"url":"https:\/\/rival-haas.hu\/wp-content\/uploads\/388800.jpeg","type":"image\/jpeg"}],"twitter_card":"summary_large_image","schema":{"@context":"https:\/\/schema.org","@graph":[{"@type":"WebPage","@id":"https:\/\/rival-haas.hu\/en\/products\/safe-box-to-go\/","url":"https:\/\/rival-haas.hu\/en\/products\/safe-box-to-go\/","name":"\"To go\" z\u00e1rhat\u00f3, hordozhat\u00f3 \u00e9telt\u00e1rol\u00f3 doboz, integr\u00e1lt ev\u0151sezsk\u00f6z\u00f6kkel (k\u00e9s, villa, kan\u00e1l) - Lajta-Haas Kft.","isPartOf":{"@id":"https:\/\/rival-haas.hu\/en\/#website"},"datePublished":"2023-03-17T09:39:16+00:00","dateModified":"2023-05-10T07:48:51+00:00","breadcrumb":{"@id":"https:\/\/rival-haas.hu\/en\/products\/safe-box-to-go\/#breadcrumb"},"inLanguage":"en-US","potentialAction":[{"@type":"ReadAction","target":["https:\/\/rival-haas.hu\/en\/products\/safe-box-to-go\/"]}]},{"@type":"BreadcrumbList","@id":"https:\/\/rival-haas.hu\/en\/products\/safe-box-to-go\/#breadcrumb","itemListElement":[{"@type":"ListItem","position":1,"name":"Shop","item":"https:\/\/rival-haas.hu\/en\/shop\/"},{"@type":"ListItem","position":2,"name":"&#8222;To go&#8221; z\u00e1rhat\u00f3, hordozhat\u00f3 \u00e9telt\u00e1rol\u00f3 doboz, integr\u00e1lt ev\u0151sezsk\u00f6z\u00f6kkel (k\u00e9s, villa, kan\u00e1l)"}]},{"@type":"WebSite","@id":"https:\/\/rival-haas.hu\/en\/#website","url":"https:\/\/rival-haas.hu\/en\/","name":"Lajta-Haas Kft.","description":"","potentialAction":[{"@type":"SearchAction","target":{"@type":"EntryPoint","urlTemplate":"https:\/\/rival-haas.hu\/en\/?s={search_term_string}"},"query-input":"required name=search_term_string"}],"inLanguage":"en-US"}]}},"_links":{"self":[{"href":"https:\/\/rival-haas.hu\/en\/wp-json\/wp\/v2\/product\/1285","targetHints":{"allow":["GET"]}}],"collection":[{"href":"https:\/\/rival-haas.hu\/en\/wp-json\/wp\/v2\/product"}],"about":[{"href":"https:\/\/rival-haas.hu\/en\/wp-json\/wp\/v2\/types\/product"}],"replies":[{"embeddable":true,"href":"https:\/\/rival-haas.hu\/en\/wp-json\/wp\/v2\/comments?post=1285"}],"wp:featuredmedia":[{"embeddable":true,"href":"https:\/\/rival-haas.hu\/en\/wp-json\/wp\/v2\/media\/1286"}],"wp:attachment":[{"href":"https:\/\/rival-haas.hu\/en\/wp-json\/wp\/v2\/media?parent=1285"}],"wp:term":[{"taxonomy":"product_cat","embeddable":true,"href":"https:\/\/rival-haas.hu\/en\/wp-json\/wp\/v2\/product_cat?post=1285"},{"taxonomy":"product_tag","embeddable":true,"href":"https:\/\/rival-haas.hu\/en\/wp-json\/wp\/v2\/product_tag?post=1285"}],"curies":[{"name":"wp","href":"https:\/\/api.w.org\/{rel}","templated":true}]}}