{"id":1321,"date":"2023-03-17T11:41:24","date_gmt":"2023-03-17T10:41:24","guid":{"rendered":"http:\/\/wp.rival-haas.hu\/produkt\/saftkrug-deckel-4-becher\/"},"modified":"2023-05-10T09:48:15","modified_gmt":"2023-05-10T07:48:15","slug":"saftkrug-deckel-4-becher","status":"publish","type":"product","link":"https:\/\/rival-haas.hu\/en\/products\/saftkrug-deckel-4-becher\/","title":{"rendered":"Gy\u00fcm\u00f6lcsl\u00e9 kancs\u00f3, adagol\u00f3s sz\u00e1jjal, foganty\u00faval \u00e9s 4 poh\u00e1rral"},"content":{"rendered":"","protected":false},"excerpt":{"rendered":"<p>Kett\u0151 az egyben. A k\u00fcl\u00f6n\u00f6sen praktikus gy\u00fcm\u00f6lcsl\u00e9 kancs\u00f3 4 db gy\u00fcm\u00f6lcsl\u00e9 poh\u00e1r tartozik. A cs\u00e9sz\u00e9k behelyez\u00e9s\u00e9nek funkci\u00f3ja sok helyet takar\u00edt meg. A foganty\u00fa biztons\u00e1gos \u00e9s szil\u00e1rd fog\u00e1st biztos\u00edt.<\/p>\n","protected":false},"featured_media":1322,"comment_status":"closed","ping_status":"closed","template":"","meta":[],"product_cat":[110,65],"product_tag":[],"class_list":{"0":"post-1321","1":"product","2":"type-product","3":"status-publish","4":"has-post-thumbnail","6":"product_cat-haztartas","7":"product_cat-haztartasi-muanyag-eszkozok","9":"first","10":"instock","11":"shipping-taxable","12":"product-type-simple"},"yoast_head":"<!-- This site is optimized with the Yoast SEO plugin v21.7 - https:\/\/yoast.com\/wordpress\/plugins\/seo\/ -->\n<title>Gy\u00fcm\u00f6lcsl\u00e9 kancs\u00f3, adagol\u00f3s sz\u00e1jjal, foganty\u00faval \u00e9s 4 poh\u00e1rral - Lajta-Haas Kft.<\/title>\n<meta name=\"robots\" content=\"index, follow, max-snippet:-1, max-image-preview:large, max-video-preview:-1\" \/>\n<link rel=\"canonical\" href=\"https:\/\/rival-haas.hu\/en\/products\/saftkrug-deckel-4-becher\/\" \/>\n<meta property=\"og:locale\" content=\"en_US\" \/>\n<meta property=\"og:type\" content=\"article\" \/>\n<meta property=\"og:title\" content=\"Gy\u00fcm\u00f6lcsl\u00e9 kancs\u00f3, adagol\u00f3s sz\u00e1jjal, foganty\u00faval \u00e9s 4 poh\u00e1rral - Lajta-Haas Kft.\" \/>\n<meta property=\"og:description\" content=\"Kett\u0151 az egyben. A k\u00fcl\u00f6n\u00f6sen praktikus gy\u00fcm\u00f6lcsl\u00e9 kancs\u00f3 4 db gy\u00fcm\u00f6lcsl\u00e9 poh\u00e1r tartozik. A cs\u00e9sz\u00e9k behelyez\u00e9s\u00e9nek funkci\u00f3ja sok helyet takar\u00edt meg. A foganty\u00fa biztons\u00e1gos \u00e9s szil\u00e1rd fog\u00e1st biztos\u00edt.\" \/>\n<meta property=\"og:url\" content=\"https:\/\/rival-haas.hu\/en\/products\/saftkrug-deckel-4-becher\/\" \/>\n<meta property=\"og:site_name\" content=\"Lajta-Haas Kft.\" \/>\n<meta property=\"article:modified_time\" content=\"2023-05-10T07:48:15+00:00\" \/>\n<meta property=\"og:image\" content=\"https:\/\/rival-haas.hu\/wp-content\/uploads\/158400.jpeg\" \/>\n\t<meta property=\"og:image:width\" content=\"1000\" \/>\n\t<meta property=\"og:image:height\" content=\"800\" \/>\n\t<meta property=\"og:image:type\" content=\"image\/jpeg\" \/>\n<meta name=\"twitter:card\" content=\"summary_large_image\" \/>\n<script type=\"application\/ld+json\" class=\"yoast-schema-graph\">{\"@context\":\"https:\/\/schema.org\",\"@graph\":[{\"@type\":\"WebPage\",\"@id\":\"https:\/\/rival-haas.hu\/en\/products\/saftkrug-deckel-4-becher\/\",\"url\":\"https:\/\/rival-haas.hu\/en\/products\/saftkrug-deckel-4-becher\/\",\"name\":\"Gy\u00fcm\u00f6lcsl\u00e9 kancs\u00f3, adagol\u00f3s sz\u00e1jjal, foganty\u00faval \u00e9s 4 poh\u00e1rral - Lajta-Haas Kft.\",\"isPartOf\":{\"@id\":\"https:\/\/rival-haas.hu\/en\/#website\"},\"datePublished\":\"2023-03-17T10:41:24+00:00\",\"dateModified\":\"2023-05-10T07:48:15+00:00\",\"breadcrumb\":{\"@id\":\"https:\/\/rival-haas.hu\/en\/products\/saftkrug-deckel-4-becher\/#breadcrumb\"},\"inLanguage\":\"en-US\",\"potentialAction\":[{\"@type\":\"ReadAction\",\"target\":[\"https:\/\/rival-haas.hu\/en\/products\/saftkrug-deckel-4-becher\/\"]}]},{\"@type\":\"BreadcrumbList\",\"@id\":\"https:\/\/rival-haas.hu\/en\/products\/saftkrug-deckel-4-becher\/#breadcrumb\",\"itemListElement\":[{\"@type\":\"ListItem\",\"position\":1,\"name\":\"Shop\",\"item\":\"https:\/\/rival-haas.hu\/en\/shop\/\"},{\"@type\":\"ListItem\",\"position\":2,\"name\":\"Gy\u00fcm\u00f6lcsl\u00e9 kancs\u00f3, adagol\u00f3s sz\u00e1jjal, foganty\u00faval \u00e9s 4 poh\u00e1rral\"}]},{\"@type\":\"WebSite\",\"@id\":\"https:\/\/rival-haas.hu\/en\/#website\",\"url\":\"https:\/\/rival-haas.hu\/en\/\",\"name\":\"Lajta-Haas Kft.\",\"description\":\"\",\"potentialAction\":[{\"@type\":\"SearchAction\",\"target\":{\"@type\":\"EntryPoint\",\"urlTemplate\":\"https:\/\/rival-haas.hu\/en\/?s={search_term_string}\"},\"query-input\":\"required name=search_term_string\"}],\"inLanguage\":\"en-US\"}]}<\/script>\n<!-- \/ Yoast SEO plugin. -->","yoast_head_json":{"title":"Gy\u00fcm\u00f6lcsl\u00e9 kancs\u00f3, adagol\u00f3s sz\u00e1jjal, foganty\u00faval \u00e9s 4 poh\u00e1rral - Lajta-Haas Kft.","robots":{"index":"index","follow":"follow","max-snippet":"max-snippet:-1","max-image-preview":"max-image-preview:large","max-video-preview":"max-video-preview:-1"},"canonical":"https:\/\/rival-haas.hu\/en\/products\/saftkrug-deckel-4-becher\/","og_locale":"en_US","og_type":"article","og_title":"Gy\u00fcm\u00f6lcsl\u00e9 kancs\u00f3, adagol\u00f3s sz\u00e1jjal, foganty\u00faval \u00e9s 4 poh\u00e1rral - Lajta-Haas Kft.","og_description":"Kett\u0151 az egyben. A k\u00fcl\u00f6n\u00f6sen praktikus gy\u00fcm\u00f6lcsl\u00e9 kancs\u00f3 4 db gy\u00fcm\u00f6lcsl\u00e9 poh\u00e1r tartozik. A cs\u00e9sz\u00e9k behelyez\u00e9s\u00e9nek funkci\u00f3ja sok helyet takar\u00edt meg. A foganty\u00fa biztons\u00e1gos \u00e9s szil\u00e1rd fog\u00e1st biztos\u00edt.","og_url":"https:\/\/rival-haas.hu\/en\/products\/saftkrug-deckel-4-becher\/","og_site_name":"Lajta-Haas Kft.","article_modified_time":"2023-05-10T07:48:15+00:00","og_image":[{"width":1000,"height":800,"url":"https:\/\/rival-haas.hu\/wp-content\/uploads\/158400.jpeg","type":"image\/jpeg"}],"twitter_card":"summary_large_image","schema":{"@context":"https:\/\/schema.org","@graph":[{"@type":"WebPage","@id":"https:\/\/rival-haas.hu\/en\/products\/saftkrug-deckel-4-becher\/","url":"https:\/\/rival-haas.hu\/en\/products\/saftkrug-deckel-4-becher\/","name":"Gy\u00fcm\u00f6lcsl\u00e9 kancs\u00f3, adagol\u00f3s sz\u00e1jjal, foganty\u00faval \u00e9s 4 poh\u00e1rral - Lajta-Haas Kft.","isPartOf":{"@id":"https:\/\/rival-haas.hu\/en\/#website"},"datePublished":"2023-03-17T10:41:24+00:00","dateModified":"2023-05-10T07:48:15+00:00","breadcrumb":{"@id":"https:\/\/rival-haas.hu\/en\/products\/saftkrug-deckel-4-becher\/#breadcrumb"},"inLanguage":"en-US","potentialAction":[{"@type":"ReadAction","target":["https:\/\/rival-haas.hu\/en\/products\/saftkrug-deckel-4-becher\/"]}]},{"@type":"BreadcrumbList","@id":"https:\/\/rival-haas.hu\/en\/products\/saftkrug-deckel-4-becher\/#breadcrumb","itemListElement":[{"@type":"ListItem","position":1,"name":"Shop","item":"https:\/\/rival-haas.hu\/en\/shop\/"},{"@type":"ListItem","position":2,"name":"Gy\u00fcm\u00f6lcsl\u00e9 kancs\u00f3, adagol\u00f3s sz\u00e1jjal, foganty\u00faval \u00e9s 4 poh\u00e1rral"}]},{"@type":"WebSite","@id":"https:\/\/rival-haas.hu\/en\/#website","url":"https:\/\/rival-haas.hu\/en\/","name":"Lajta-Haas Kft.","description":"","potentialAction":[{"@type":"SearchAction","target":{"@type":"EntryPoint","urlTemplate":"https:\/\/rival-haas.hu\/en\/?s={search_term_string}"},"query-input":"required name=search_term_string"}],"inLanguage":"en-US"}]}},"_links":{"self":[{"href":"https:\/\/rival-haas.hu\/en\/wp-json\/wp\/v2\/product\/1321","targetHints":{"allow":["GET"]}}],"collection":[{"href":"https:\/\/rival-haas.hu\/en\/wp-json\/wp\/v2\/product"}],"about":[{"href":"https:\/\/rival-haas.hu\/en\/wp-json\/wp\/v2\/types\/product"}],"replies":[{"embeddable":true,"href":"https:\/\/rival-haas.hu\/en\/wp-json\/wp\/v2\/comments?post=1321"}],"wp:featuredmedia":[{"embeddable":true,"href":"https:\/\/rival-haas.hu\/en\/wp-json\/wp\/v2\/media\/1322"}],"wp:attachment":[{"href":"https:\/\/rival-haas.hu\/en\/wp-json\/wp\/v2\/media?parent=1321"}],"wp:term":[{"taxonomy":"product_cat","embeddable":true,"href":"https:\/\/rival-haas.hu\/en\/wp-json\/wp\/v2\/product_cat?post=1321"},{"taxonomy":"product_tag","embeddable":true,"href":"https:\/\/rival-haas.hu\/en\/wp-json\/wp\/v2\/product_tag?post=1321"}],"curies":[{"name":"wp","href":"https:\/\/api.w.org\/{rel}","templated":true}]}}