{"id":1323,"date":"2023-03-17T11:44:59","date_gmt":"2023-03-17T10:44:59","guid":{"rendered":"http:\/\/wp.rival-haas.hu\/produkt\/zitronenpresse\/"},"modified":"2023-05-10T09:48:15","modified_gmt":"2023-05-10T07:48:15","slug":"zitronenpresse","status":"publish","type":"product","link":"https:\/\/rival-haas.hu\/en\/products\/zitronenpresse\/","title":{"rendered":"Citromfacsar\u00f3 felfog\u00f3ed\u00e9nnyel"},"content":{"rendered":"","protected":false},"excerpt":{"rendered":"<p>A citromfacsar\u00f3 j\u00f3l haszn\u00e1lhat\u00f3 a mindennapi \u00e9letben. Egyszer\u0171 fel\u00e9p\u00edt\u00e9se a m\u00e9rleggel lehet\u0151v\u00e9 teszi, hogy probl\u00e9mamentesen pr\u00e9selje ki a gy\u00fcm\u00f6lcslevet<\/p>\n","protected":false},"featured_media":1324,"comment_status":"closed","ping_status":"closed","template":"","meta":[],"product_cat":[110,65],"product_tag":[],"class_list":{"0":"post-1323","1":"product","2":"type-product","3":"status-publish","4":"has-post-thumbnail","6":"product_cat-haztartas","7":"product_cat-haztartasi-muanyag-eszkozok","9":"first","10":"instock","11":"shipping-taxable","12":"product-type-simple"},"yoast_head":"<!-- This site is optimized with the Yoast SEO plugin v21.7 - https:\/\/yoast.com\/wordpress\/plugins\/seo\/ -->\n<title>Citromfacsar\u00f3 felfog\u00f3ed\u00e9nnyel - Lajta-Haas Kft.<\/title>\n<meta name=\"robots\" content=\"index, follow, max-snippet:-1, max-image-preview:large, max-video-preview:-1\" \/>\n<link rel=\"canonical\" href=\"https:\/\/rival-haas.hu\/en\/products\/zitronenpresse\/\" \/>\n<meta property=\"og:locale\" content=\"en_US\" \/>\n<meta property=\"og:type\" content=\"article\" \/>\n<meta property=\"og:title\" content=\"Citromfacsar\u00f3 felfog\u00f3ed\u00e9nnyel - Lajta-Haas Kft.\" \/>\n<meta property=\"og:description\" content=\"A citromfacsar\u00f3 j\u00f3l haszn\u00e1lhat\u00f3 a mindennapi \u00e9letben. Egyszer\u0171 fel\u00e9p\u00edt\u00e9se a m\u00e9rleggel lehet\u0151v\u00e9 teszi, hogy probl\u00e9mamentesen pr\u00e9selje ki a gy\u00fcm\u00f6lcslevet\" \/>\n<meta property=\"og:url\" content=\"https:\/\/rival-haas.hu\/en\/products\/zitronenpresse\/\" \/>\n<meta property=\"og:site_name\" content=\"Lajta-Haas Kft.\" \/>\n<meta property=\"article:modified_time\" content=\"2023-05-10T07:48:15+00:00\" \/>\n<meta property=\"og:image\" content=\"https:\/\/rival-haas.hu\/wp-content\/uploads\/154700.jpeg\" \/>\n\t<meta property=\"og:image:width\" content=\"1000\" \/>\n\t<meta property=\"og:image:height\" content=\"800\" \/>\n\t<meta property=\"og:image:type\" content=\"image\/jpeg\" \/>\n<meta name=\"twitter:card\" content=\"summary_large_image\" \/>\n<script type=\"application\/ld+json\" class=\"yoast-schema-graph\">{\"@context\":\"https:\/\/schema.org\",\"@graph\":[{\"@type\":\"WebPage\",\"@id\":\"https:\/\/rival-haas.hu\/en\/products\/zitronenpresse\/\",\"url\":\"https:\/\/rival-haas.hu\/en\/products\/zitronenpresse\/\",\"name\":\"Citromfacsar\u00f3 felfog\u00f3ed\u00e9nnyel - Lajta-Haas Kft.\",\"isPartOf\":{\"@id\":\"https:\/\/rival-haas.hu\/en\/#website\"},\"datePublished\":\"2023-03-17T10:44:59+00:00\",\"dateModified\":\"2023-05-10T07:48:15+00:00\",\"breadcrumb\":{\"@id\":\"https:\/\/rival-haas.hu\/en\/products\/zitronenpresse\/#breadcrumb\"},\"inLanguage\":\"en-US\",\"potentialAction\":[{\"@type\":\"ReadAction\",\"target\":[\"https:\/\/rival-haas.hu\/en\/products\/zitronenpresse\/\"]}]},{\"@type\":\"BreadcrumbList\",\"@id\":\"https:\/\/rival-haas.hu\/en\/products\/zitronenpresse\/#breadcrumb\",\"itemListElement\":[{\"@type\":\"ListItem\",\"position\":1,\"name\":\"Shop\",\"item\":\"https:\/\/rival-haas.hu\/en\/shop\/\"},{\"@type\":\"ListItem\",\"position\":2,\"name\":\"Citromfacsar\u00f3 felfog\u00f3ed\u00e9nnyel\"}]},{\"@type\":\"WebSite\",\"@id\":\"https:\/\/rival-haas.hu\/en\/#website\",\"url\":\"https:\/\/rival-haas.hu\/en\/\",\"name\":\"Lajta-Haas Kft.\",\"description\":\"\",\"potentialAction\":[{\"@type\":\"SearchAction\",\"target\":{\"@type\":\"EntryPoint\",\"urlTemplate\":\"https:\/\/rival-haas.hu\/en\/?s={search_term_string}\"},\"query-input\":\"required name=search_term_string\"}],\"inLanguage\":\"en-US\"}]}<\/script>\n<!-- \/ Yoast SEO plugin. -->","yoast_head_json":{"title":"Citromfacsar\u00f3 felfog\u00f3ed\u00e9nnyel - Lajta-Haas Kft.","robots":{"index":"index","follow":"follow","max-snippet":"max-snippet:-1","max-image-preview":"max-image-preview:large","max-video-preview":"max-video-preview:-1"},"canonical":"https:\/\/rival-haas.hu\/en\/products\/zitronenpresse\/","og_locale":"en_US","og_type":"article","og_title":"Citromfacsar\u00f3 felfog\u00f3ed\u00e9nnyel - Lajta-Haas Kft.","og_description":"A citromfacsar\u00f3 j\u00f3l haszn\u00e1lhat\u00f3 a mindennapi \u00e9letben. Egyszer\u0171 fel\u00e9p\u00edt\u00e9se a m\u00e9rleggel lehet\u0151v\u00e9 teszi, hogy probl\u00e9mamentesen pr\u00e9selje ki a gy\u00fcm\u00f6lcslevet","og_url":"https:\/\/rival-haas.hu\/en\/products\/zitronenpresse\/","og_site_name":"Lajta-Haas Kft.","article_modified_time":"2023-05-10T07:48:15+00:00","og_image":[{"width":1000,"height":800,"url":"https:\/\/rival-haas.hu\/wp-content\/uploads\/154700.jpeg","type":"image\/jpeg"}],"twitter_card":"summary_large_image","schema":{"@context":"https:\/\/schema.org","@graph":[{"@type":"WebPage","@id":"https:\/\/rival-haas.hu\/en\/products\/zitronenpresse\/","url":"https:\/\/rival-haas.hu\/en\/products\/zitronenpresse\/","name":"Citromfacsar\u00f3 felfog\u00f3ed\u00e9nnyel - Lajta-Haas Kft.","isPartOf":{"@id":"https:\/\/rival-haas.hu\/en\/#website"},"datePublished":"2023-03-17T10:44:59+00:00","dateModified":"2023-05-10T07:48:15+00:00","breadcrumb":{"@id":"https:\/\/rival-haas.hu\/en\/products\/zitronenpresse\/#breadcrumb"},"inLanguage":"en-US","potentialAction":[{"@type":"ReadAction","target":["https:\/\/rival-haas.hu\/en\/products\/zitronenpresse\/"]}]},{"@type":"BreadcrumbList","@id":"https:\/\/rival-haas.hu\/en\/products\/zitronenpresse\/#breadcrumb","itemListElement":[{"@type":"ListItem","position":1,"name":"Shop","item":"https:\/\/rival-haas.hu\/en\/shop\/"},{"@type":"ListItem","position":2,"name":"Citromfacsar\u00f3 felfog\u00f3ed\u00e9nnyel"}]},{"@type":"WebSite","@id":"https:\/\/rival-haas.hu\/en\/#website","url":"https:\/\/rival-haas.hu\/en\/","name":"Lajta-Haas Kft.","description":"","potentialAction":[{"@type":"SearchAction","target":{"@type":"EntryPoint","urlTemplate":"https:\/\/rival-haas.hu\/en\/?s={search_term_string}"},"query-input":"required name=search_term_string"}],"inLanguage":"en-US"}]}},"_links":{"self":[{"href":"https:\/\/rival-haas.hu\/en\/wp-json\/wp\/v2\/product\/1323","targetHints":{"allow":["GET"]}}],"collection":[{"href":"https:\/\/rival-haas.hu\/en\/wp-json\/wp\/v2\/product"}],"about":[{"href":"https:\/\/rival-haas.hu\/en\/wp-json\/wp\/v2\/types\/product"}],"replies":[{"embeddable":true,"href":"https:\/\/rival-haas.hu\/en\/wp-json\/wp\/v2\/comments?post=1323"}],"wp:featuredmedia":[{"embeddable":true,"href":"https:\/\/rival-haas.hu\/en\/wp-json\/wp\/v2\/media\/1324"}],"wp:attachment":[{"href":"https:\/\/rival-haas.hu\/en\/wp-json\/wp\/v2\/media?parent=1323"}],"wp:term":[{"taxonomy":"product_cat","embeddable":true,"href":"https:\/\/rival-haas.hu\/en\/wp-json\/wp\/v2\/product_cat?post=1323"},{"taxonomy":"product_tag","embeddable":true,"href":"https:\/\/rival-haas.hu\/en\/wp-json\/wp\/v2\/product_tag?post=1323"}],"curies":[{"name":"wp","href":"https:\/\/api.w.org\/{rel}","templated":true}]}}