{"id":1325,"date":"2023-03-17T11:46:58","date_gmt":"2023-03-17T10:46:58","guid":{"rendered":"http:\/\/wp.rival-haas.hu\/produkt\/abtropfsieb\/"},"modified":"2023-05-10T09:48:14","modified_gmt":"2023-05-10T07:48:14","slug":"abtropfsieb","status":"publish","type":"product","link":"https:\/\/rival-haas.hu\/en\/products\/abtropfsieb\/","title":{"rendered":"Hossz\u00fa nyel\u0171 sz\u0171r\u0151"},"content":{"rendered":"","protected":false},"excerpt":{"rendered":"<p>Ennek a szit\u00e1nak nagy praktikus foganty\u00faja van. Nagyon k\u00e9nyelmes z\u00f6lds\u00e9gek vagy gy\u00fcm\u00f6lcs\u00f6k mos\u00e1sakor. A sz\u0171r\u0151 cs\u00edkokkal rendelkezik, amelyek lehet\u0151v\u00e9 teszik a v\u00edz \u00e1tfoly\u00e1s\u00e1t. Ezek keskenyek, ami azt jelenti, hogy a gy\u00fcm\u00f6lcs\u00f6k, p\u00e9ld\u00e1ul a sz\u0151l\u0151k nem eshetnek \u00e1t.<\/p>\n","protected":false},"featured_media":1326,"comment_status":"open","ping_status":"closed","template":"","meta":[],"product_cat":[110,65],"product_tag":[],"class_list":{"0":"post-1325","1":"product","2":"type-product","3":"status-publish","4":"has-post-thumbnail","6":"product_cat-haztartas","7":"product_cat-haztartasi-muanyag-eszkozok","9":"first","10":"instock","11":"shipping-taxable","12":"product-type-simple"},"yoast_head":"<!-- This site is optimized with the Yoast SEO plugin v21.7 - https:\/\/yoast.com\/wordpress\/plugins\/seo\/ -->\n<title>Hossz\u00fa nyel\u0171 sz\u0171r\u0151 - Lajta-Haas Kft.<\/title>\n<meta name=\"robots\" content=\"index, follow, max-snippet:-1, max-image-preview:large, max-video-preview:-1\" \/>\n<link rel=\"canonical\" href=\"https:\/\/rival-haas.hu\/en\/products\/abtropfsieb\/\" \/>\n<meta property=\"og:locale\" content=\"en_US\" \/>\n<meta property=\"og:type\" content=\"article\" \/>\n<meta property=\"og:title\" content=\"Hossz\u00fa nyel\u0171 sz\u0171r\u0151 - Lajta-Haas Kft.\" \/>\n<meta property=\"og:description\" content=\"Ennek a szit\u00e1nak nagy praktikus foganty\u00faja van. Nagyon k\u00e9nyelmes z\u00f6lds\u00e9gek vagy gy\u00fcm\u00f6lcs\u00f6k mos\u00e1sakor. A sz\u0171r\u0151 cs\u00edkokkal rendelkezik, amelyek lehet\u0151v\u00e9 teszik a v\u00edz \u00e1tfoly\u00e1s\u00e1t. Ezek keskenyek, ami azt jelenti, hogy a gy\u00fcm\u00f6lcs\u00f6k, p\u00e9ld\u00e1ul a sz\u0151l\u0151k nem eshetnek \u00e1t.\" \/>\n<meta property=\"og:url\" content=\"https:\/\/rival-haas.hu\/en\/products\/abtropfsieb\/\" \/>\n<meta property=\"og:site_name\" content=\"Lajta-Haas Kft.\" \/>\n<meta property=\"article:modified_time\" content=\"2023-05-10T07:48:14+00:00\" \/>\n<meta property=\"og:image\" content=\"https:\/\/rival-haas.hu\/wp-content\/uploads\/abtropfsieb2.jpg\" \/>\n\t<meta property=\"og:image:width\" content=\"1000\" \/>\n\t<meta property=\"og:image:height\" content=\"800\" \/>\n\t<meta property=\"og:image:type\" content=\"image\/jpeg\" \/>\n<meta name=\"twitter:card\" content=\"summary_large_image\" \/>\n<script type=\"application\/ld+json\" class=\"yoast-schema-graph\">{\"@context\":\"https:\/\/schema.org\",\"@graph\":[{\"@type\":\"WebPage\",\"@id\":\"https:\/\/rival-haas.hu\/en\/products\/abtropfsieb\/\",\"url\":\"https:\/\/rival-haas.hu\/en\/products\/abtropfsieb\/\",\"name\":\"Hossz\u00fa nyel\u0171 sz\u0171r\u0151 - Lajta-Haas Kft.\",\"isPartOf\":{\"@id\":\"https:\/\/rival-haas.hu\/en\/#website\"},\"datePublished\":\"2023-03-17T10:46:58+00:00\",\"dateModified\":\"2023-05-10T07:48:14+00:00\",\"breadcrumb\":{\"@id\":\"https:\/\/rival-haas.hu\/en\/products\/abtropfsieb\/#breadcrumb\"},\"inLanguage\":\"en-US\",\"potentialAction\":[{\"@type\":\"ReadAction\",\"target\":[\"https:\/\/rival-haas.hu\/en\/products\/abtropfsieb\/\"]}]},{\"@type\":\"BreadcrumbList\",\"@id\":\"https:\/\/rival-haas.hu\/en\/products\/abtropfsieb\/#breadcrumb\",\"itemListElement\":[{\"@type\":\"ListItem\",\"position\":1,\"name\":\"Shop\",\"item\":\"https:\/\/rival-haas.hu\/en\/shop\/\"},{\"@type\":\"ListItem\",\"position\":2,\"name\":\"Hossz\u00fa nyel\u0171 sz\u0171r\u0151\"}]},{\"@type\":\"WebSite\",\"@id\":\"https:\/\/rival-haas.hu\/en\/#website\",\"url\":\"https:\/\/rival-haas.hu\/en\/\",\"name\":\"Lajta-Haas Kft.\",\"description\":\"\",\"potentialAction\":[{\"@type\":\"SearchAction\",\"target\":{\"@type\":\"EntryPoint\",\"urlTemplate\":\"https:\/\/rival-haas.hu\/en\/?s={search_term_string}\"},\"query-input\":\"required name=search_term_string\"}],\"inLanguage\":\"en-US\"}]}<\/script>\n<!-- \/ Yoast SEO plugin. -->","yoast_head_json":{"title":"Hossz\u00fa nyel\u0171 sz\u0171r\u0151 - Lajta-Haas Kft.","robots":{"index":"index","follow":"follow","max-snippet":"max-snippet:-1","max-image-preview":"max-image-preview:large","max-video-preview":"max-video-preview:-1"},"canonical":"https:\/\/rival-haas.hu\/en\/products\/abtropfsieb\/","og_locale":"en_US","og_type":"article","og_title":"Hossz\u00fa nyel\u0171 sz\u0171r\u0151 - Lajta-Haas Kft.","og_description":"Ennek a szit\u00e1nak nagy praktikus foganty\u00faja van. Nagyon k\u00e9nyelmes z\u00f6lds\u00e9gek vagy gy\u00fcm\u00f6lcs\u00f6k mos\u00e1sakor. A sz\u0171r\u0151 cs\u00edkokkal rendelkezik, amelyek lehet\u0151v\u00e9 teszik a v\u00edz \u00e1tfoly\u00e1s\u00e1t. Ezek keskenyek, ami azt jelenti, hogy a gy\u00fcm\u00f6lcs\u00f6k, p\u00e9ld\u00e1ul a sz\u0151l\u0151k nem eshetnek \u00e1t.","og_url":"https:\/\/rival-haas.hu\/en\/products\/abtropfsieb\/","og_site_name":"Lajta-Haas Kft.","article_modified_time":"2023-05-10T07:48:14+00:00","og_image":[{"width":1000,"height":800,"url":"https:\/\/rival-haas.hu\/wp-content\/uploads\/abtropfsieb2.jpg","type":"image\/jpeg"}],"twitter_card":"summary_large_image","schema":{"@context":"https:\/\/schema.org","@graph":[{"@type":"WebPage","@id":"https:\/\/rival-haas.hu\/en\/products\/abtropfsieb\/","url":"https:\/\/rival-haas.hu\/en\/products\/abtropfsieb\/","name":"Hossz\u00fa nyel\u0171 sz\u0171r\u0151 - Lajta-Haas Kft.","isPartOf":{"@id":"https:\/\/rival-haas.hu\/en\/#website"},"datePublished":"2023-03-17T10:46:58+00:00","dateModified":"2023-05-10T07:48:14+00:00","breadcrumb":{"@id":"https:\/\/rival-haas.hu\/en\/products\/abtropfsieb\/#breadcrumb"},"inLanguage":"en-US","potentialAction":[{"@type":"ReadAction","target":["https:\/\/rival-haas.hu\/en\/products\/abtropfsieb\/"]}]},{"@type":"BreadcrumbList","@id":"https:\/\/rival-haas.hu\/en\/products\/abtropfsieb\/#breadcrumb","itemListElement":[{"@type":"ListItem","position":1,"name":"Shop","item":"https:\/\/rival-haas.hu\/en\/shop\/"},{"@type":"ListItem","position":2,"name":"Hossz\u00fa nyel\u0171 sz\u0171r\u0151"}]},{"@type":"WebSite","@id":"https:\/\/rival-haas.hu\/en\/#website","url":"https:\/\/rival-haas.hu\/en\/","name":"Lajta-Haas Kft.","description":"","potentialAction":[{"@type":"SearchAction","target":{"@type":"EntryPoint","urlTemplate":"https:\/\/rival-haas.hu\/en\/?s={search_term_string}"},"query-input":"required name=search_term_string"}],"inLanguage":"en-US"}]}},"_links":{"self":[{"href":"https:\/\/rival-haas.hu\/en\/wp-json\/wp\/v2\/product\/1325","targetHints":{"allow":["GET"]}}],"collection":[{"href":"https:\/\/rival-haas.hu\/en\/wp-json\/wp\/v2\/product"}],"about":[{"href":"https:\/\/rival-haas.hu\/en\/wp-json\/wp\/v2\/types\/product"}],"replies":[{"embeddable":true,"href":"https:\/\/rival-haas.hu\/en\/wp-json\/wp\/v2\/comments?post=1325"}],"wp:featuredmedia":[{"embeddable":true,"href":"https:\/\/rival-haas.hu\/en\/wp-json\/wp\/v2\/media\/1326"}],"wp:attachment":[{"href":"https:\/\/rival-haas.hu\/en\/wp-json\/wp\/v2\/media?parent=1325"}],"wp:term":[{"taxonomy":"product_cat","embeddable":true,"href":"https:\/\/rival-haas.hu\/en\/wp-json\/wp\/v2\/product_cat?post=1325"},{"taxonomy":"product_tag","embeddable":true,"href":"https:\/\/rival-haas.hu\/en\/wp-json\/wp\/v2\/product_tag?post=1325"}],"curies":[{"name":"wp","href":"https:\/\/api.w.org\/{rel}","templated":true}]}}