{"id":1350,"date":"2023-03-17T14:13:23","date_gmt":"2023-03-17T13:13:23","guid":{"rendered":"http:\/\/wp.rival-haas.hu\/produkt\/schuesseln-decke-set-4\/"},"modified":"2023-05-10T09:48:14","modified_gmt":"2023-05-10T07:48:14","slug":"schuesseln-decke-set-4","status":"publish","type":"product","link":"https:\/\/rival-haas.hu\/en\/products\/schuesseln-decke-set-4\/","title":{"rendered":"4-es party t\u00e1rol\u00f3 szett, lez\u00e1rhat\u00f3 tet\u0151vel, 5,5 liter,  \u00d8 31,5 cm"},"content":{"rendered":"<p>4er-Set: 1x (154310), 1x (154210), 1x (154110), 1x (154010)<\/p>\n","protected":false},"excerpt":{"rendered":"<p>Sz\u00e1ll\u00edt\u00e1sra t\u00f6k\u00e9letes. A parti t\u00e1lak a fed\u00e9lnek k\u00f6sz\u00f6nhet\u0151en nem csak sz\u00e1ll\u00edt\u00e1sra, hanem k\u00f6nny\u0171 hordoz\u00e1sra is alkalmas. A fed\u0151n tal\u00e1lhat\u00f3 hordoz\u00f3 foganty\u00fa biztos \u00e9s szil\u00e1rd tart\u00e1st garant\u00e1l \u00e9s n\u00e9gy sz\u00e1rny\u00e1val r\u00f6gz\u00edti a tartalmat.<\/p>\n","protected":false},"featured_media":1351,"comment_status":"open","ping_status":"closed","template":"","meta":[],"product_cat":[110,65],"product_tag":[],"class_list":{"0":"post-1350","1":"product","2":"type-product","3":"status-publish","4":"has-post-thumbnail","6":"product_cat-haztartas","7":"product_cat-haztartasi-muanyag-eszkozok","9":"first","10":"instock","11":"shipping-taxable","12":"product-type-simple"},"yoast_head":"<!-- This site is optimized with the Yoast SEO plugin v21.7 - https:\/\/yoast.com\/wordpress\/plugins\/seo\/ -->\n<title>4-es party t\u00e1rol\u00f3 szett, lez\u00e1rhat\u00f3 tet\u0151vel, 5,5 liter, \u00d8 31,5 cm - Lajta-Haas Kft.<\/title>\n<meta name=\"robots\" content=\"index, follow, max-snippet:-1, max-image-preview:large, max-video-preview:-1\" \/>\n<link rel=\"canonical\" href=\"https:\/\/rival-haas.hu\/en\/products\/schuesseln-decke-set-4\/\" \/>\n<meta property=\"og:locale\" content=\"en_US\" \/>\n<meta property=\"og:type\" content=\"article\" \/>\n<meta property=\"og:title\" content=\"4-es party t\u00e1rol\u00f3 szett, lez\u00e1rhat\u00f3 tet\u0151vel, 5,5 liter, \u00d8 31,5 cm - Lajta-Haas Kft.\" \/>\n<meta property=\"og:description\" content=\"Sz\u00e1ll\u00edt\u00e1sra t\u00f6k\u00e9letes. A parti t\u00e1lak a fed\u00e9lnek k\u00f6sz\u00f6nhet\u0151en nem csak sz\u00e1ll\u00edt\u00e1sra, hanem k\u00f6nny\u0171 hordoz\u00e1sra is alkalmas. A fed\u0151n tal\u00e1lhat\u00f3 hordoz\u00f3 foganty\u00fa biztos \u00e9s szil\u00e1rd tart\u00e1st garant\u00e1l \u00e9s n\u00e9gy sz\u00e1rny\u00e1val r\u00f6gz\u00edti a tartalmat.\" \/>\n<meta property=\"og:url\" content=\"https:\/\/rival-haas.hu\/en\/products\/schuesseln-decke-set-4\/\" \/>\n<meta property=\"og:site_name\" content=\"Lajta-Haas Kft.\" \/>\n<meta property=\"article:modified_time\" content=\"2023-05-10T07:48:14+00:00\" \/>\n<meta property=\"og:image\" content=\"https:\/\/rival-haas.hu\/wp-content\/uploads\/154440.jpeg\" \/>\n\t<meta property=\"og:image:width\" content=\"1000\" \/>\n\t<meta property=\"og:image:height\" content=\"800\" \/>\n\t<meta property=\"og:image:type\" content=\"image\/jpeg\" \/>\n<meta name=\"twitter:card\" content=\"summary_large_image\" \/>\n<meta name=\"twitter:label1\" content=\"Est. reading time\" \/>\n\t<meta name=\"twitter:data1\" content=\"1 minute\" \/>\n<script type=\"application\/ld+json\" class=\"yoast-schema-graph\">{\"@context\":\"https:\/\/schema.org\",\"@graph\":[{\"@type\":\"WebPage\",\"@id\":\"https:\/\/rival-haas.hu\/en\/products\/schuesseln-decke-set-4\/\",\"url\":\"https:\/\/rival-haas.hu\/en\/products\/schuesseln-decke-set-4\/\",\"name\":\"4-es party t\u00e1rol\u00f3 szett, lez\u00e1rhat\u00f3 tet\u0151vel, 5,5 liter, \u00d8 31,5 cm - Lajta-Haas Kft.\",\"isPartOf\":{\"@id\":\"https:\/\/rival-haas.hu\/en\/#website\"},\"datePublished\":\"2023-03-17T13:13:23+00:00\",\"dateModified\":\"2023-05-10T07:48:14+00:00\",\"breadcrumb\":{\"@id\":\"https:\/\/rival-haas.hu\/en\/products\/schuesseln-decke-set-4\/#breadcrumb\"},\"inLanguage\":\"en-US\",\"potentialAction\":[{\"@type\":\"ReadAction\",\"target\":[\"https:\/\/rival-haas.hu\/en\/products\/schuesseln-decke-set-4\/\"]}]},{\"@type\":\"BreadcrumbList\",\"@id\":\"https:\/\/rival-haas.hu\/en\/products\/schuesseln-decke-set-4\/#breadcrumb\",\"itemListElement\":[{\"@type\":\"ListItem\",\"position\":1,\"name\":\"Shop\",\"item\":\"https:\/\/rival-haas.hu\/en\/shop\/\"},{\"@type\":\"ListItem\",\"position\":2,\"name\":\"4-es party t\u00e1rol\u00f3 szett, lez\u00e1rhat\u00f3 tet\u0151vel, 5,5 liter, \u00d8 31,5 cm\"}]},{\"@type\":\"WebSite\",\"@id\":\"https:\/\/rival-haas.hu\/en\/#website\",\"url\":\"https:\/\/rival-haas.hu\/en\/\",\"name\":\"Lajta-Haas Kft.\",\"description\":\"\",\"potentialAction\":[{\"@type\":\"SearchAction\",\"target\":{\"@type\":\"EntryPoint\",\"urlTemplate\":\"https:\/\/rival-haas.hu\/en\/?s={search_term_string}\"},\"query-input\":\"required name=search_term_string\"}],\"inLanguage\":\"en-US\"}]}<\/script>\n<!-- \/ Yoast SEO plugin. -->","yoast_head_json":{"title":"4-es party t\u00e1rol\u00f3 szett, lez\u00e1rhat\u00f3 tet\u0151vel, 5,5 liter, \u00d8 31,5 cm - Lajta-Haas Kft.","robots":{"index":"index","follow":"follow","max-snippet":"max-snippet:-1","max-image-preview":"max-image-preview:large","max-video-preview":"max-video-preview:-1"},"canonical":"https:\/\/rival-haas.hu\/en\/products\/schuesseln-decke-set-4\/","og_locale":"en_US","og_type":"article","og_title":"4-es party t\u00e1rol\u00f3 szett, lez\u00e1rhat\u00f3 tet\u0151vel, 5,5 liter, \u00d8 31,5 cm - Lajta-Haas Kft.","og_description":"Sz\u00e1ll\u00edt\u00e1sra t\u00f6k\u00e9letes. A parti t\u00e1lak a fed\u00e9lnek k\u00f6sz\u00f6nhet\u0151en nem csak sz\u00e1ll\u00edt\u00e1sra, hanem k\u00f6nny\u0171 hordoz\u00e1sra is alkalmas. A fed\u0151n tal\u00e1lhat\u00f3 hordoz\u00f3 foganty\u00fa biztos \u00e9s szil\u00e1rd tart\u00e1st garant\u00e1l \u00e9s n\u00e9gy sz\u00e1rny\u00e1val r\u00f6gz\u00edti a tartalmat.","og_url":"https:\/\/rival-haas.hu\/en\/products\/schuesseln-decke-set-4\/","og_site_name":"Lajta-Haas Kft.","article_modified_time":"2023-05-10T07:48:14+00:00","og_image":[{"width":1000,"height":800,"url":"https:\/\/rival-haas.hu\/wp-content\/uploads\/154440.jpeg","type":"image\/jpeg"}],"twitter_card":"summary_large_image","twitter_misc":{"Est. reading time":"1 minute"},"schema":{"@context":"https:\/\/schema.org","@graph":[{"@type":"WebPage","@id":"https:\/\/rival-haas.hu\/en\/products\/schuesseln-decke-set-4\/","url":"https:\/\/rival-haas.hu\/en\/products\/schuesseln-decke-set-4\/","name":"4-es party t\u00e1rol\u00f3 szett, lez\u00e1rhat\u00f3 tet\u0151vel, 5,5 liter, \u00d8 31,5 cm - Lajta-Haas Kft.","isPartOf":{"@id":"https:\/\/rival-haas.hu\/en\/#website"},"datePublished":"2023-03-17T13:13:23+00:00","dateModified":"2023-05-10T07:48:14+00:00","breadcrumb":{"@id":"https:\/\/rival-haas.hu\/en\/products\/schuesseln-decke-set-4\/#breadcrumb"},"inLanguage":"en-US","potentialAction":[{"@type":"ReadAction","target":["https:\/\/rival-haas.hu\/en\/products\/schuesseln-decke-set-4\/"]}]},{"@type":"BreadcrumbList","@id":"https:\/\/rival-haas.hu\/en\/products\/schuesseln-decke-set-4\/#breadcrumb","itemListElement":[{"@type":"ListItem","position":1,"name":"Shop","item":"https:\/\/rival-haas.hu\/en\/shop\/"},{"@type":"ListItem","position":2,"name":"4-es party t\u00e1rol\u00f3 szett, lez\u00e1rhat\u00f3 tet\u0151vel, 5,5 liter, \u00d8 31,5 cm"}]},{"@type":"WebSite","@id":"https:\/\/rival-haas.hu\/en\/#website","url":"https:\/\/rival-haas.hu\/en\/","name":"Lajta-Haas Kft.","description":"","potentialAction":[{"@type":"SearchAction","target":{"@type":"EntryPoint","urlTemplate":"https:\/\/rival-haas.hu\/en\/?s={search_term_string}"},"query-input":"required name=search_term_string"}],"inLanguage":"en-US"}]}},"_links":{"self":[{"href":"https:\/\/rival-haas.hu\/en\/wp-json\/wp\/v2\/product\/1350","targetHints":{"allow":["GET"]}}],"collection":[{"href":"https:\/\/rival-haas.hu\/en\/wp-json\/wp\/v2\/product"}],"about":[{"href":"https:\/\/rival-haas.hu\/en\/wp-json\/wp\/v2\/types\/product"}],"replies":[{"embeddable":true,"href":"https:\/\/rival-haas.hu\/en\/wp-json\/wp\/v2\/comments?post=1350"}],"wp:featuredmedia":[{"embeddable":true,"href":"https:\/\/rival-haas.hu\/en\/wp-json\/wp\/v2\/media\/1351"}],"wp:attachment":[{"href":"https:\/\/rival-haas.hu\/en\/wp-json\/wp\/v2\/media?parent=1350"}],"wp:term":[{"taxonomy":"product_cat","embeddable":true,"href":"https:\/\/rival-haas.hu\/en\/wp-json\/wp\/v2\/product_cat?post=1350"},{"taxonomy":"product_tag","embeddable":true,"href":"https:\/\/rival-haas.hu\/en\/wp-json\/wp\/v2\/product_tag?post=1350"}],"curies":[{"name":"wp","href":"https:\/\/api.w.org\/{rel}","templated":true}]}}