{"id":1355,"date":"2023-03-17T14:43:17","date_gmt":"2023-03-17T13:43:17","guid":{"rendered":"http:\/\/wp.rival-haas.hu\/produkt\/party-und-salatschuessel-deckel-2600ml\/"},"modified":"2023-05-10T09:47:40","modified_gmt":"2023-05-10T07:47:40","slug":"party-und-salatschuessel-deckel-2600ml","status":"publish","type":"product","link":"https:\/\/rival-haas.hu\/en\/products\/party-und-salatschuessel-deckel-2600ml\/","title":{"rendered":"N\u00e9gysz\u00f6glet alak\u00fa party- \u00e9s sal\u00e1t\u00e1st\u00e1l &#8211; 2,6 liter"},"content":{"rendered":"","protected":false},"excerpt":{"rendered":"<p>A praktikus party- \u00e9s sal\u00e1t\u00e1st\u00e1l t\u00f6k\u00e9letesen illeszkedik a h\u00e9tk\u00f6znapokba. Ezenk\u00edv\u00fcl a szilikon t\u00f6m\u00edt\u00e9s biztons\u00e1got ny\u00fajt a sziv\u00e1rg\u00e1s ellen. A fed\u00e9l n\u00e9gy f\u00fcllel van r\u00f6gz\u00edtve, ami extra tart\u00e1st biztos\u00edt. A t\u00e1l ez\u00e9rt haboz\u00e1s n\u00e9lk\u00fcl sz\u00e1ll\u00edt\u00e1sra alkalmas.<\/p>\n","protected":false},"featured_media":1356,"comment_status":"open","ping_status":"closed","template":"","meta":[],"product_cat":[110,65],"product_tag":[],"class_list":{"0":"post-1355","1":"product","2":"type-product","3":"status-publish","4":"has-post-thumbnail","6":"product_cat-haztartas","7":"product_cat-haztartasi-muanyag-eszkozok","9":"first","10":"instock","11":"shipping-taxable","12":"product-type-simple"},"yoast_head":"<!-- This site is optimized with the Yoast SEO plugin v21.7 - https:\/\/yoast.com\/wordpress\/plugins\/seo\/ -->\n<title>N\u00e9gysz\u00f6glet alak\u00fa party- \u00e9s sal\u00e1t\u00e1st\u00e1l - 2,6 liter - Lajta-Haas Kft.<\/title>\n<meta name=\"robots\" content=\"index, follow, max-snippet:-1, max-image-preview:large, max-video-preview:-1\" \/>\n<link rel=\"canonical\" href=\"https:\/\/rival-haas.hu\/en\/products\/party-und-salatschuessel-deckel-2600ml\/\" \/>\n<meta property=\"og:locale\" content=\"en_US\" \/>\n<meta property=\"og:type\" content=\"article\" \/>\n<meta property=\"og:title\" content=\"N\u00e9gysz\u00f6glet alak\u00fa party- \u00e9s sal\u00e1t\u00e1st\u00e1l - 2,6 liter - Lajta-Haas Kft.\" \/>\n<meta property=\"og:description\" content=\"A praktikus party- \u00e9s sal\u00e1t\u00e1st\u00e1l t\u00f6k\u00e9letesen illeszkedik a h\u00e9tk\u00f6znapokba. Ezenk\u00edv\u00fcl a szilikon t\u00f6m\u00edt\u00e9s biztons\u00e1got ny\u00fajt a sziv\u00e1rg\u00e1s ellen. A fed\u00e9l n\u00e9gy f\u00fcllel van r\u00f6gz\u00edtve, ami extra tart\u00e1st biztos\u00edt. A t\u00e1l ez\u00e9rt haboz\u00e1s n\u00e9lk\u00fcl sz\u00e1ll\u00edt\u00e1sra alkalmas.\" \/>\n<meta property=\"og:url\" content=\"https:\/\/rival-haas.hu\/en\/products\/party-und-salatschuessel-deckel-2600ml\/\" \/>\n<meta property=\"og:site_name\" content=\"Lajta-Haas Kft.\" \/>\n<meta property=\"article:modified_time\" content=\"2023-05-10T07:47:40+00:00\" \/>\n<meta property=\"og:image\" content=\"https:\/\/rival-haas.hu\/wp-content\/uploads\/398110.jpeg\" \/>\n\t<meta property=\"og:image:width\" content=\"1000\" \/>\n\t<meta property=\"og:image:height\" content=\"800\" \/>\n\t<meta property=\"og:image:type\" content=\"image\/jpeg\" \/>\n<meta name=\"twitter:card\" content=\"summary_large_image\" \/>\n<script type=\"application\/ld+json\" class=\"yoast-schema-graph\">{\"@context\":\"https:\/\/schema.org\",\"@graph\":[{\"@type\":\"WebPage\",\"@id\":\"https:\/\/rival-haas.hu\/en\/products\/party-und-salatschuessel-deckel-2600ml\/\",\"url\":\"https:\/\/rival-haas.hu\/en\/products\/party-und-salatschuessel-deckel-2600ml\/\",\"name\":\"N\u00e9gysz\u00f6glet alak\u00fa party- \u00e9s sal\u00e1t\u00e1st\u00e1l - 2,6 liter - Lajta-Haas Kft.\",\"isPartOf\":{\"@id\":\"https:\/\/rival-haas.hu\/en\/#website\"},\"datePublished\":\"2023-03-17T13:43:17+00:00\",\"dateModified\":\"2023-05-10T07:47:40+00:00\",\"breadcrumb\":{\"@id\":\"https:\/\/rival-haas.hu\/en\/products\/party-und-salatschuessel-deckel-2600ml\/#breadcrumb\"},\"inLanguage\":\"en-US\",\"potentialAction\":[{\"@type\":\"ReadAction\",\"target\":[\"https:\/\/rival-haas.hu\/en\/products\/party-und-salatschuessel-deckel-2600ml\/\"]}]},{\"@type\":\"BreadcrumbList\",\"@id\":\"https:\/\/rival-haas.hu\/en\/products\/party-und-salatschuessel-deckel-2600ml\/#breadcrumb\",\"itemListElement\":[{\"@type\":\"ListItem\",\"position\":1,\"name\":\"Shop\",\"item\":\"https:\/\/rival-haas.hu\/en\/shop\/\"},{\"@type\":\"ListItem\",\"position\":2,\"name\":\"N\u00e9gysz\u00f6glet alak\u00fa party- \u00e9s sal\u00e1t\u00e1st\u00e1l &#8211; 2,6 liter\"}]},{\"@type\":\"WebSite\",\"@id\":\"https:\/\/rival-haas.hu\/en\/#website\",\"url\":\"https:\/\/rival-haas.hu\/en\/\",\"name\":\"Lajta-Haas Kft.\",\"description\":\"\",\"potentialAction\":[{\"@type\":\"SearchAction\",\"target\":{\"@type\":\"EntryPoint\",\"urlTemplate\":\"https:\/\/rival-haas.hu\/en\/?s={search_term_string}\"},\"query-input\":\"required name=search_term_string\"}],\"inLanguage\":\"en-US\"}]}<\/script>\n<!-- \/ Yoast SEO plugin. -->","yoast_head_json":{"title":"N\u00e9gysz\u00f6glet alak\u00fa party- \u00e9s sal\u00e1t\u00e1st\u00e1l - 2,6 liter - Lajta-Haas Kft.","robots":{"index":"index","follow":"follow","max-snippet":"max-snippet:-1","max-image-preview":"max-image-preview:large","max-video-preview":"max-video-preview:-1"},"canonical":"https:\/\/rival-haas.hu\/en\/products\/party-und-salatschuessel-deckel-2600ml\/","og_locale":"en_US","og_type":"article","og_title":"N\u00e9gysz\u00f6glet alak\u00fa party- \u00e9s sal\u00e1t\u00e1st\u00e1l - 2,6 liter - Lajta-Haas Kft.","og_description":"A praktikus party- \u00e9s sal\u00e1t\u00e1st\u00e1l t\u00f6k\u00e9letesen illeszkedik a h\u00e9tk\u00f6znapokba. Ezenk\u00edv\u00fcl a szilikon t\u00f6m\u00edt\u00e9s biztons\u00e1got ny\u00fajt a sziv\u00e1rg\u00e1s ellen. A fed\u00e9l n\u00e9gy f\u00fcllel van r\u00f6gz\u00edtve, ami extra tart\u00e1st biztos\u00edt. A t\u00e1l ez\u00e9rt haboz\u00e1s n\u00e9lk\u00fcl sz\u00e1ll\u00edt\u00e1sra alkalmas.","og_url":"https:\/\/rival-haas.hu\/en\/products\/party-und-salatschuessel-deckel-2600ml\/","og_site_name":"Lajta-Haas Kft.","article_modified_time":"2023-05-10T07:47:40+00:00","og_image":[{"width":1000,"height":800,"url":"https:\/\/rival-haas.hu\/wp-content\/uploads\/398110.jpeg","type":"image\/jpeg"}],"twitter_card":"summary_large_image","schema":{"@context":"https:\/\/schema.org","@graph":[{"@type":"WebPage","@id":"https:\/\/rival-haas.hu\/en\/products\/party-und-salatschuessel-deckel-2600ml\/","url":"https:\/\/rival-haas.hu\/en\/products\/party-und-salatschuessel-deckel-2600ml\/","name":"N\u00e9gysz\u00f6glet alak\u00fa party- \u00e9s sal\u00e1t\u00e1st\u00e1l - 2,6 liter - Lajta-Haas Kft.","isPartOf":{"@id":"https:\/\/rival-haas.hu\/en\/#website"},"datePublished":"2023-03-17T13:43:17+00:00","dateModified":"2023-05-10T07:47:40+00:00","breadcrumb":{"@id":"https:\/\/rival-haas.hu\/en\/products\/party-und-salatschuessel-deckel-2600ml\/#breadcrumb"},"inLanguage":"en-US","potentialAction":[{"@type":"ReadAction","target":["https:\/\/rival-haas.hu\/en\/products\/party-und-salatschuessel-deckel-2600ml\/"]}]},{"@type":"BreadcrumbList","@id":"https:\/\/rival-haas.hu\/en\/products\/party-und-salatschuessel-deckel-2600ml\/#breadcrumb","itemListElement":[{"@type":"ListItem","position":1,"name":"Shop","item":"https:\/\/rival-haas.hu\/en\/shop\/"},{"@type":"ListItem","position":2,"name":"N\u00e9gysz\u00f6glet alak\u00fa party- \u00e9s sal\u00e1t\u00e1st\u00e1l &#8211; 2,6 liter"}]},{"@type":"WebSite","@id":"https:\/\/rival-haas.hu\/en\/#website","url":"https:\/\/rival-haas.hu\/en\/","name":"Lajta-Haas Kft.","description":"","potentialAction":[{"@type":"SearchAction","target":{"@type":"EntryPoint","urlTemplate":"https:\/\/rival-haas.hu\/en\/?s={search_term_string}"},"query-input":"required name=search_term_string"}],"inLanguage":"en-US"}]}},"_links":{"self":[{"href":"https:\/\/rival-haas.hu\/en\/wp-json\/wp\/v2\/product\/1355","targetHints":{"allow":["GET"]}}],"collection":[{"href":"https:\/\/rival-haas.hu\/en\/wp-json\/wp\/v2\/product"}],"about":[{"href":"https:\/\/rival-haas.hu\/en\/wp-json\/wp\/v2\/types\/product"}],"replies":[{"embeddable":true,"href":"https:\/\/rival-haas.hu\/en\/wp-json\/wp\/v2\/comments?post=1355"}],"wp:featuredmedia":[{"embeddable":true,"href":"https:\/\/rival-haas.hu\/en\/wp-json\/wp\/v2\/media\/1356"}],"wp:attachment":[{"href":"https:\/\/rival-haas.hu\/en\/wp-json\/wp\/v2\/media?parent=1355"}],"wp:term":[{"taxonomy":"product_cat","embeddable":true,"href":"https:\/\/rival-haas.hu\/en\/wp-json\/wp\/v2\/product_cat?post=1355"},{"taxonomy":"product_tag","embeddable":true,"href":"https:\/\/rival-haas.hu\/en\/wp-json\/wp\/v2\/product_tag?post=1355"}],"curies":[{"name":"wp","href":"https:\/\/api.w.org\/{rel}","templated":true}]}}