{"id":1401,"date":"2023-03-20T10:34:51","date_gmt":"2023-03-20T09:34:51","guid":{"rendered":"http:\/\/wp.rival-haas.hu\/produkt\/schrank-und-klarsichtbox-9\/"},"modified":"2023-05-10T09:36:30","modified_gmt":"2023-05-10T07:36:30","slug":"schrank-und-klarsichtbox-9","status":"publish","type":"product","link":"https:\/\/rival-haas.hu\/en\/products\/schrank-und-klarsichtbox-9\/","title":{"rendered":"\u00c1tl\u00e1tsz\u00f3 szekr\u00e9nyes ruhat\u00e1rol\u00f3, XL"},"content":{"rendered":"","protected":false},"excerpt":{"rendered":"<p>&#8220;Ez a szekr\u00e9ny \u00e9s az \u00e1tl\u00e1tsz\u00f3 doboz extra nagy, \u00edgy nagy t\u00e1rgyakat is el lehet t\u00e1rolni.<br \/>\nA kattint\u00e1si rendszere lehet\u0151v\u00e9 teszi a fed\u00e9l mozgat\u00e1sa n\u00e9lk\u00fcli egym\u00e1sra rak\u00e1s\u00e1t, ami megakad\u00e1lyozza, hogy a bele helyezet t\u00e1rgyak kiessenek.&#8221;<\/p>\n","protected":false},"featured_media":1402,"comment_status":"closed","ping_status":"closed","template":"","meta":[],"product_cat":[65,101],"product_tag":[],"class_list":{"0":"post-1401","1":"product","2":"type-product","3":"status-publish","4":"has-post-thumbnail","6":"product_cat-haztartasi-muanyag-eszkozok","7":"product_cat-tarolas-bevasarlas","9":"first","10":"instock","11":"shipping-taxable","12":"product-type-simple"},"yoast_head":"<!-- This site is optimized with the Yoast SEO plugin v21.7 - https:\/\/yoast.com\/wordpress\/plugins\/seo\/ -->\n<title>\u00c1tl\u00e1tsz\u00f3 szekr\u00e9nyes ruhat\u00e1rol\u00f3, XL - Lajta-Haas Kft.<\/title>\n<meta name=\"robots\" content=\"index, follow, max-snippet:-1, max-image-preview:large, max-video-preview:-1\" \/>\n<link rel=\"canonical\" href=\"https:\/\/rival-haas.hu\/en\/products\/schrank-und-klarsichtbox-9\/\" \/>\n<meta property=\"og:locale\" content=\"en_US\" \/>\n<meta property=\"og:type\" content=\"article\" \/>\n<meta property=\"og:title\" content=\"\u00c1tl\u00e1tsz\u00f3 szekr\u00e9nyes ruhat\u00e1rol\u00f3, XL - Lajta-Haas Kft.\" \/>\n<meta property=\"og:description\" content=\"&quot;Ez a szekr\u00e9ny \u00e9s az \u00e1tl\u00e1tsz\u00f3 doboz extra nagy, \u00edgy nagy t\u00e1rgyakat is el lehet t\u00e1rolni. A kattint\u00e1si rendszere lehet\u0151v\u00e9 teszi a fed\u00e9l mozgat\u00e1sa n\u00e9lk\u00fcli egym\u00e1sra rak\u00e1s\u00e1t, ami megakad\u00e1lyozza, hogy a bele helyezet t\u00e1rgyak kiessenek.&quot;\" \/>\n<meta property=\"og:url\" content=\"https:\/\/rival-haas.hu\/en\/products\/schrank-und-klarsichtbox-9\/\" \/>\n<meta property=\"og:site_name\" content=\"Lajta-Haas Kft.\" \/>\n<meta property=\"article:modified_time\" content=\"2023-05-10T07:36:30+00:00\" \/>\n<meta property=\"og:image\" content=\"https:\/\/rival-haas.hu\/wp-content\/uploads\/360200.jpg\" \/>\n\t<meta property=\"og:image:width\" content=\"1000\" \/>\n\t<meta property=\"og:image:height\" content=\"800\" \/>\n\t<meta property=\"og:image:type\" content=\"image\/jpeg\" \/>\n<meta name=\"twitter:card\" content=\"summary_large_image\" \/>\n<meta name=\"twitter:label1\" content=\"Est. reading time\" \/>\n\t<meta name=\"twitter:data1\" content=\"1 minute\" \/>\n<script type=\"application\/ld+json\" class=\"yoast-schema-graph\">{\"@context\":\"https:\/\/schema.org\",\"@graph\":[{\"@type\":\"WebPage\",\"@id\":\"https:\/\/rival-haas.hu\/en\/products\/schrank-und-klarsichtbox-9\/\",\"url\":\"https:\/\/rival-haas.hu\/en\/products\/schrank-und-klarsichtbox-9\/\",\"name\":\"\u00c1tl\u00e1tsz\u00f3 szekr\u00e9nyes ruhat\u00e1rol\u00f3, XL - Lajta-Haas Kft.\",\"isPartOf\":{\"@id\":\"https:\/\/rival-haas.hu\/en\/#website\"},\"datePublished\":\"2023-03-20T09:34:51+00:00\",\"dateModified\":\"2023-05-10T07:36:30+00:00\",\"breadcrumb\":{\"@id\":\"https:\/\/rival-haas.hu\/en\/products\/schrank-und-klarsichtbox-9\/#breadcrumb\"},\"inLanguage\":\"en-US\",\"potentialAction\":[{\"@type\":\"ReadAction\",\"target\":[\"https:\/\/rival-haas.hu\/en\/products\/schrank-und-klarsichtbox-9\/\"]}]},{\"@type\":\"BreadcrumbList\",\"@id\":\"https:\/\/rival-haas.hu\/en\/products\/schrank-und-klarsichtbox-9\/#breadcrumb\",\"itemListElement\":[{\"@type\":\"ListItem\",\"position\":1,\"name\":\"Shop\",\"item\":\"https:\/\/rival-haas.hu\/en\/shop\/\"},{\"@type\":\"ListItem\",\"position\":2,\"name\":\"\u00c1tl\u00e1tsz\u00f3 szekr\u00e9nyes ruhat\u00e1rol\u00f3, XL\"}]},{\"@type\":\"WebSite\",\"@id\":\"https:\/\/rival-haas.hu\/en\/#website\",\"url\":\"https:\/\/rival-haas.hu\/en\/\",\"name\":\"Lajta-Haas Kft.\",\"description\":\"\",\"potentialAction\":[{\"@type\":\"SearchAction\",\"target\":{\"@type\":\"EntryPoint\",\"urlTemplate\":\"https:\/\/rival-haas.hu\/en\/?s={search_term_string}\"},\"query-input\":\"required name=search_term_string\"}],\"inLanguage\":\"en-US\"}]}<\/script>\n<!-- \/ Yoast SEO plugin. -->","yoast_head_json":{"title":"\u00c1tl\u00e1tsz\u00f3 szekr\u00e9nyes ruhat\u00e1rol\u00f3, XL - Lajta-Haas Kft.","robots":{"index":"index","follow":"follow","max-snippet":"max-snippet:-1","max-image-preview":"max-image-preview:large","max-video-preview":"max-video-preview:-1"},"canonical":"https:\/\/rival-haas.hu\/en\/products\/schrank-und-klarsichtbox-9\/","og_locale":"en_US","og_type":"article","og_title":"\u00c1tl\u00e1tsz\u00f3 szekr\u00e9nyes ruhat\u00e1rol\u00f3, XL - Lajta-Haas Kft.","og_description":"\"Ez a szekr\u00e9ny \u00e9s az \u00e1tl\u00e1tsz\u00f3 doboz extra nagy, \u00edgy nagy t\u00e1rgyakat is el lehet t\u00e1rolni. A kattint\u00e1si rendszere lehet\u0151v\u00e9 teszi a fed\u00e9l mozgat\u00e1sa n\u00e9lk\u00fcli egym\u00e1sra rak\u00e1s\u00e1t, ami megakad\u00e1lyozza, hogy a bele helyezet t\u00e1rgyak kiessenek.\"","og_url":"https:\/\/rival-haas.hu\/en\/products\/schrank-und-klarsichtbox-9\/","og_site_name":"Lajta-Haas Kft.","article_modified_time":"2023-05-10T07:36:30+00:00","og_image":[{"width":1000,"height":800,"url":"https:\/\/rival-haas.hu\/wp-content\/uploads\/360200.jpg","type":"image\/jpeg"}],"twitter_card":"summary_large_image","twitter_misc":{"Est. reading time":"1 minute"},"schema":{"@context":"https:\/\/schema.org","@graph":[{"@type":"WebPage","@id":"https:\/\/rival-haas.hu\/en\/products\/schrank-und-klarsichtbox-9\/","url":"https:\/\/rival-haas.hu\/en\/products\/schrank-und-klarsichtbox-9\/","name":"\u00c1tl\u00e1tsz\u00f3 szekr\u00e9nyes ruhat\u00e1rol\u00f3, XL - Lajta-Haas Kft.","isPartOf":{"@id":"https:\/\/rival-haas.hu\/en\/#website"},"datePublished":"2023-03-20T09:34:51+00:00","dateModified":"2023-05-10T07:36:30+00:00","breadcrumb":{"@id":"https:\/\/rival-haas.hu\/en\/products\/schrank-und-klarsichtbox-9\/#breadcrumb"},"inLanguage":"en-US","potentialAction":[{"@type":"ReadAction","target":["https:\/\/rival-haas.hu\/en\/products\/schrank-und-klarsichtbox-9\/"]}]},{"@type":"BreadcrumbList","@id":"https:\/\/rival-haas.hu\/en\/products\/schrank-und-klarsichtbox-9\/#breadcrumb","itemListElement":[{"@type":"ListItem","position":1,"name":"Shop","item":"https:\/\/rival-haas.hu\/en\/shop\/"},{"@type":"ListItem","position":2,"name":"\u00c1tl\u00e1tsz\u00f3 szekr\u00e9nyes ruhat\u00e1rol\u00f3, XL"}]},{"@type":"WebSite","@id":"https:\/\/rival-haas.hu\/en\/#website","url":"https:\/\/rival-haas.hu\/en\/","name":"Lajta-Haas Kft.","description":"","potentialAction":[{"@type":"SearchAction","target":{"@type":"EntryPoint","urlTemplate":"https:\/\/rival-haas.hu\/en\/?s={search_term_string}"},"query-input":"required name=search_term_string"}],"inLanguage":"en-US"}]}},"_links":{"self":[{"href":"https:\/\/rival-haas.hu\/en\/wp-json\/wp\/v2\/product\/1401","targetHints":{"allow":["GET"]}}],"collection":[{"href":"https:\/\/rival-haas.hu\/en\/wp-json\/wp\/v2\/product"}],"about":[{"href":"https:\/\/rival-haas.hu\/en\/wp-json\/wp\/v2\/types\/product"}],"replies":[{"embeddable":true,"href":"https:\/\/rival-haas.hu\/en\/wp-json\/wp\/v2\/comments?post=1401"}],"wp:featuredmedia":[{"embeddable":true,"href":"https:\/\/rival-haas.hu\/en\/wp-json\/wp\/v2\/media\/1402"}],"wp:attachment":[{"href":"https:\/\/rival-haas.hu\/en\/wp-json\/wp\/v2\/media?parent=1401"}],"wp:term":[{"taxonomy":"product_cat","embeddable":true,"href":"https:\/\/rival-haas.hu\/en\/wp-json\/wp\/v2\/product_cat?post=1401"},{"taxonomy":"product_tag","embeddable":true,"href":"https:\/\/rival-haas.hu\/en\/wp-json\/wp\/v2\/product_tag?post=1401"}],"curies":[{"name":"wp","href":"https:\/\/api.w.org\/{rel}","templated":true}]}}