{"id":1414,"date":"2023-03-22T15:58:12","date_gmt":"2023-03-22T14:58:12","guid":{"rendered":"http:\/\/wp.rival-haas.hu\/produkt\/fun-box-5l\/"},"modified":"2023-05-10T09:54:09","modified_gmt":"2023-05-10T07:54:09","slug":"fun-box-mini-jatek-tarolo","status":"publish","type":"product","link":"https:\/\/rival-haas.hu\/en\/products\/fun-box-mini-jatek-tarolo\/","title":{"rendered":"&#8220;Fun-Box&#8221; mini j\u00e1t\u00e9k t\u00e1rol\u00f3"},"content":{"rendered":"","protected":false},"excerpt":{"rendered":"<p>A mini Fun-Box dobozok t\u00f6k\u00e9letes a kisebb t\u00e1rgyak t\u00e1rol\u00e1s\u00e1ra. Az oldals\u00f3 foganty\u00fak tart\u00e1st biztos\u00edtanak \u00e9s megk\u00f6nny\u00edtik a sz\u00e1ll\u00edt\u00e1st.<\/p>\n","protected":false},"featured_media":343,"comment_status":"open","ping_status":"closed","template":"","meta":[],"product_cat":[65,101],"product_tag":[],"class_list":{"0":"post-1414","1":"product","2":"type-product","3":"status-publish","4":"has-post-thumbnail","6":"product_cat-haztartasi-muanyag-eszkozok","7":"product_cat-tarolas-bevasarlas","9":"first","10":"instock","11":"shipping-taxable","12":"product-type-simple"},"yoast_head":"<!-- This site is optimized with the Yoast SEO plugin v21.7 - https:\/\/yoast.com\/wordpress\/plugins\/seo\/ -->\n<title>&quot;Fun-Box&quot; mini j\u00e1t\u00e9k t\u00e1rol\u00f3 - Lajta-Haas Kft.<\/title>\n<meta name=\"robots\" content=\"index, follow, max-snippet:-1, max-image-preview:large, max-video-preview:-1\" \/>\n<link rel=\"canonical\" href=\"https:\/\/rival-haas.hu\/en\/products\/fun-box-mini-jatek-tarolo\/\" \/>\n<meta property=\"og:locale\" content=\"en_US\" \/>\n<meta property=\"og:type\" content=\"article\" \/>\n<meta property=\"og:title\" content=\"&quot;Fun-Box&quot; mini j\u00e1t\u00e9k t\u00e1rol\u00f3 - Lajta-Haas Kft.\" \/>\n<meta property=\"og:description\" content=\"A mini Fun-Box dobozok t\u00f6k\u00e9letes a kisebb t\u00e1rgyak t\u00e1rol\u00e1s\u00e1ra. Az oldals\u00f3 foganty\u00fak tart\u00e1st biztos\u00edtanak \u00e9s megk\u00f6nny\u00edtik a sz\u00e1ll\u00edt\u00e1st.\" \/>\n<meta property=\"og:url\" content=\"https:\/\/rival-haas.hu\/en\/products\/fun-box-mini-jatek-tarolo\/\" \/>\n<meta property=\"og:site_name\" content=\"Lajta-Haas Kft.\" \/>\n<meta property=\"article:modified_time\" content=\"2023-05-10T07:54:09+00:00\" \/>\n<meta property=\"og:image\" content=\"https:\/\/rival-haas.hu\/wp-content\/uploads\/372600.jpeg\" \/>\n\t<meta property=\"og:image:width\" content=\"1000\" \/>\n\t<meta property=\"og:image:height\" content=\"800\" \/>\n\t<meta property=\"og:image:type\" content=\"image\/jpeg\" \/>\n<meta name=\"twitter:card\" content=\"summary_large_image\" \/>\n<meta name=\"twitter:label1\" content=\"Est. reading time\" \/>\n\t<meta name=\"twitter:data1\" content=\"1 minute\" \/>\n<script type=\"application\/ld+json\" class=\"yoast-schema-graph\">{\"@context\":\"https:\/\/schema.org\",\"@graph\":[{\"@type\":\"WebPage\",\"@id\":\"https:\/\/rival-haas.hu\/en\/products\/fun-box-mini-jatek-tarolo\/\",\"url\":\"https:\/\/rival-haas.hu\/en\/products\/fun-box-mini-jatek-tarolo\/\",\"name\":\"\\\"Fun-Box\\\" mini j\u00e1t\u00e9k t\u00e1rol\u00f3 - Lajta-Haas Kft.\",\"isPartOf\":{\"@id\":\"https:\/\/rival-haas.hu\/en\/#website\"},\"datePublished\":\"2023-03-22T14:58:12+00:00\",\"dateModified\":\"2023-05-10T07:54:09+00:00\",\"breadcrumb\":{\"@id\":\"https:\/\/rival-haas.hu\/en\/products\/fun-box-mini-jatek-tarolo\/#breadcrumb\"},\"inLanguage\":\"en-US\",\"potentialAction\":[{\"@type\":\"ReadAction\",\"target\":[\"https:\/\/rival-haas.hu\/en\/products\/fun-box-mini-jatek-tarolo\/\"]}]},{\"@type\":\"BreadcrumbList\",\"@id\":\"https:\/\/rival-haas.hu\/en\/products\/fun-box-mini-jatek-tarolo\/#breadcrumb\",\"itemListElement\":[{\"@type\":\"ListItem\",\"position\":1,\"name\":\"Shop\",\"item\":\"https:\/\/rival-haas.hu\/en\/shop\/\"},{\"@type\":\"ListItem\",\"position\":2,\"name\":\"&#8220;Fun-Box&#8221; mini j\u00e1t\u00e9k t\u00e1rol\u00f3\"}]},{\"@type\":\"WebSite\",\"@id\":\"https:\/\/rival-haas.hu\/en\/#website\",\"url\":\"https:\/\/rival-haas.hu\/en\/\",\"name\":\"Lajta-Haas Kft.\",\"description\":\"\",\"potentialAction\":[{\"@type\":\"SearchAction\",\"target\":{\"@type\":\"EntryPoint\",\"urlTemplate\":\"https:\/\/rival-haas.hu\/en\/?s={search_term_string}\"},\"query-input\":\"required name=search_term_string\"}],\"inLanguage\":\"en-US\"}]}<\/script>\n<!-- \/ Yoast SEO plugin. -->","yoast_head_json":{"title":"\"Fun-Box\" mini j\u00e1t\u00e9k t\u00e1rol\u00f3 - Lajta-Haas Kft.","robots":{"index":"index","follow":"follow","max-snippet":"max-snippet:-1","max-image-preview":"max-image-preview:large","max-video-preview":"max-video-preview:-1"},"canonical":"https:\/\/rival-haas.hu\/en\/products\/fun-box-mini-jatek-tarolo\/","og_locale":"en_US","og_type":"article","og_title":"\"Fun-Box\" mini j\u00e1t\u00e9k t\u00e1rol\u00f3 - Lajta-Haas Kft.","og_description":"A mini Fun-Box dobozok t\u00f6k\u00e9letes a kisebb t\u00e1rgyak t\u00e1rol\u00e1s\u00e1ra. Az oldals\u00f3 foganty\u00fak tart\u00e1st biztos\u00edtanak \u00e9s megk\u00f6nny\u00edtik a sz\u00e1ll\u00edt\u00e1st.","og_url":"https:\/\/rival-haas.hu\/en\/products\/fun-box-mini-jatek-tarolo\/","og_site_name":"Lajta-Haas Kft.","article_modified_time":"2023-05-10T07:54:09+00:00","og_image":[{"width":1000,"height":800,"url":"https:\/\/rival-haas.hu\/wp-content\/uploads\/372600.jpeg","type":"image\/jpeg"}],"twitter_card":"summary_large_image","twitter_misc":{"Est. reading time":"1 minute"},"schema":{"@context":"https:\/\/schema.org","@graph":[{"@type":"WebPage","@id":"https:\/\/rival-haas.hu\/en\/products\/fun-box-mini-jatek-tarolo\/","url":"https:\/\/rival-haas.hu\/en\/products\/fun-box-mini-jatek-tarolo\/","name":"\"Fun-Box\" mini j\u00e1t\u00e9k t\u00e1rol\u00f3 - Lajta-Haas Kft.","isPartOf":{"@id":"https:\/\/rival-haas.hu\/en\/#website"},"datePublished":"2023-03-22T14:58:12+00:00","dateModified":"2023-05-10T07:54:09+00:00","breadcrumb":{"@id":"https:\/\/rival-haas.hu\/en\/products\/fun-box-mini-jatek-tarolo\/#breadcrumb"},"inLanguage":"en-US","potentialAction":[{"@type":"ReadAction","target":["https:\/\/rival-haas.hu\/en\/products\/fun-box-mini-jatek-tarolo\/"]}]},{"@type":"BreadcrumbList","@id":"https:\/\/rival-haas.hu\/en\/products\/fun-box-mini-jatek-tarolo\/#breadcrumb","itemListElement":[{"@type":"ListItem","position":1,"name":"Shop","item":"https:\/\/rival-haas.hu\/en\/shop\/"},{"@type":"ListItem","position":2,"name":"&#8220;Fun-Box&#8221; mini j\u00e1t\u00e9k t\u00e1rol\u00f3"}]},{"@type":"WebSite","@id":"https:\/\/rival-haas.hu\/en\/#website","url":"https:\/\/rival-haas.hu\/en\/","name":"Lajta-Haas Kft.","description":"","potentialAction":[{"@type":"SearchAction","target":{"@type":"EntryPoint","urlTemplate":"https:\/\/rival-haas.hu\/en\/?s={search_term_string}"},"query-input":"required name=search_term_string"}],"inLanguage":"en-US"}]}},"_links":{"self":[{"href":"https:\/\/rival-haas.hu\/en\/wp-json\/wp\/v2\/product\/1414","targetHints":{"allow":["GET"]}}],"collection":[{"href":"https:\/\/rival-haas.hu\/en\/wp-json\/wp\/v2\/product"}],"about":[{"href":"https:\/\/rival-haas.hu\/en\/wp-json\/wp\/v2\/types\/product"}],"replies":[{"embeddable":true,"href":"https:\/\/rival-haas.hu\/en\/wp-json\/wp\/v2\/comments?post=1414"}],"wp:featuredmedia":[{"embeddable":true,"href":"https:\/\/rival-haas.hu\/en\/wp-json\/wp\/v2\/media\/343"}],"wp:attachment":[{"href":"https:\/\/rival-haas.hu\/en\/wp-json\/wp\/v2\/media?parent=1414"}],"wp:term":[{"taxonomy":"product_cat","embeddable":true,"href":"https:\/\/rival-haas.hu\/en\/wp-json\/wp\/v2\/product_cat?post=1414"},{"taxonomy":"product_tag","embeddable":true,"href":"https:\/\/rival-haas.hu\/en\/wp-json\/wp\/v2\/product_tag?post=1414"}],"curies":[{"name":"wp","href":"https:\/\/api.w.org\/{rel}","templated":true}]}}