{"id":1437,"date":"2023-03-24T15:58:03","date_gmt":"2023-03-24T14:58:03","guid":{"rendered":"http:\/\/wp.rival-haas.hu\/?post_type=product&#038;p=1437"},"modified":"2023-05-10T09:45:33","modified_gmt":"2023-05-10T07:45:33","slug":"pinar-ergonomikus-ruhaskosar-harom-markolattal","status":"publish","type":"product","link":"https:\/\/rival-haas.hu\/en\/products\/pinar-ergonomikus-ruhaskosar-harom-markolattal\/","title":{"rendered":"&#8220;Pinar&#8221; ergonomikus ruh\u00e1skos\u00e1r, h\u00e1rom markolattal"},"content":{"rendered":"","protected":false},"excerpt":{"rendered":"","protected":false},"featured_media":1811,"comment_status":"closed","ping_status":"closed","template":"","meta":[],"product_cat":[110,65],"product_tag":[],"class_list":{"0":"post-1437","1":"product","2":"type-product","3":"status-publish","4":"has-post-thumbnail","6":"product_cat-haztartas","7":"product_cat-haztartasi-muanyag-eszkozok","9":"first","10":"instock","11":"shipping-taxable","12":"product-type-simple"},"yoast_head":"<!-- This site is optimized with the Yoast SEO plugin v21.7 - https:\/\/yoast.com\/wordpress\/plugins\/seo\/ -->\n<title>&quot;Pinar&quot; ergonomikus ruh\u00e1skos\u00e1r, h\u00e1rom markolattal - Lajta-Haas Kft.<\/title>\n<meta name=\"robots\" content=\"index, follow, max-snippet:-1, max-image-preview:large, max-video-preview:-1\" \/>\n<link rel=\"canonical\" href=\"https:\/\/rival-haas.hu\/en\/products\/pinar-ergonomikus-ruhaskosar-harom-markolattal\/\" \/>\n<meta property=\"og:locale\" content=\"en_US\" \/>\n<meta property=\"og:type\" content=\"article\" \/>\n<meta property=\"og:title\" content=\"&quot;Pinar&quot; ergonomikus ruh\u00e1skos\u00e1r, h\u00e1rom markolattal - Lajta-Haas Kft.\" \/>\n<meta property=\"og:url\" content=\"https:\/\/rival-haas.hu\/en\/products\/pinar-ergonomikus-ruhaskosar-harom-markolattal\/\" \/>\n<meta property=\"og:site_name\" content=\"Lajta-Haas Kft.\" \/>\n<meta property=\"article:modified_time\" content=\"2023-05-10T07:45:33+00:00\" \/>\n<meta property=\"og:image\" content=\"https:\/\/rival-haas.hu\/wp-content\/uploads\/371310.jpg\" \/>\n\t<meta property=\"og:image:width\" content=\"1000\" \/>\n\t<meta property=\"og:image:height\" content=\"800\" \/>\n\t<meta property=\"og:image:type\" content=\"image\/jpeg\" \/>\n<meta name=\"twitter:card\" content=\"summary_large_image\" \/>\n<script type=\"application\/ld+json\" class=\"yoast-schema-graph\">{\"@context\":\"https:\/\/schema.org\",\"@graph\":[{\"@type\":\"WebPage\",\"@id\":\"https:\/\/rival-haas.hu\/en\/products\/pinar-ergonomikus-ruhaskosar-harom-markolattal\/\",\"url\":\"https:\/\/rival-haas.hu\/en\/products\/pinar-ergonomikus-ruhaskosar-harom-markolattal\/\",\"name\":\"\\\"Pinar\\\" ergonomikus ruh\u00e1skos\u00e1r, h\u00e1rom markolattal - Lajta-Haas Kft.\",\"isPartOf\":{\"@id\":\"https:\/\/rival-haas.hu\/en\/#website\"},\"datePublished\":\"2023-03-24T14:58:03+00:00\",\"dateModified\":\"2023-05-10T07:45:33+00:00\",\"breadcrumb\":{\"@id\":\"https:\/\/rival-haas.hu\/en\/products\/pinar-ergonomikus-ruhaskosar-harom-markolattal\/#breadcrumb\"},\"inLanguage\":\"en-US\",\"potentialAction\":[{\"@type\":\"ReadAction\",\"target\":[\"https:\/\/rival-haas.hu\/en\/products\/pinar-ergonomikus-ruhaskosar-harom-markolattal\/\"]}]},{\"@type\":\"BreadcrumbList\",\"@id\":\"https:\/\/rival-haas.hu\/en\/products\/pinar-ergonomikus-ruhaskosar-harom-markolattal\/#breadcrumb\",\"itemListElement\":[{\"@type\":\"ListItem\",\"position\":1,\"name\":\"Shop\",\"item\":\"https:\/\/rival-haas.hu\/en\/shop\/\"},{\"@type\":\"ListItem\",\"position\":2,\"name\":\"&#8220;Pinar&#8221; ergonomikus ruh\u00e1skos\u00e1r, h\u00e1rom markolattal\"}]},{\"@type\":\"WebSite\",\"@id\":\"https:\/\/rival-haas.hu\/en\/#website\",\"url\":\"https:\/\/rival-haas.hu\/en\/\",\"name\":\"Lajta-Haas Kft.\",\"description\":\"\",\"potentialAction\":[{\"@type\":\"SearchAction\",\"target\":{\"@type\":\"EntryPoint\",\"urlTemplate\":\"https:\/\/rival-haas.hu\/en\/?s={search_term_string}\"},\"query-input\":\"required name=search_term_string\"}],\"inLanguage\":\"en-US\"}]}<\/script>\n<!-- \/ Yoast SEO plugin. -->","yoast_head_json":{"title":"\"Pinar\" ergonomikus ruh\u00e1skos\u00e1r, h\u00e1rom markolattal - Lajta-Haas Kft.","robots":{"index":"index","follow":"follow","max-snippet":"max-snippet:-1","max-image-preview":"max-image-preview:large","max-video-preview":"max-video-preview:-1"},"canonical":"https:\/\/rival-haas.hu\/en\/products\/pinar-ergonomikus-ruhaskosar-harom-markolattal\/","og_locale":"en_US","og_type":"article","og_title":"\"Pinar\" ergonomikus ruh\u00e1skos\u00e1r, h\u00e1rom markolattal - Lajta-Haas Kft.","og_url":"https:\/\/rival-haas.hu\/en\/products\/pinar-ergonomikus-ruhaskosar-harom-markolattal\/","og_site_name":"Lajta-Haas Kft.","article_modified_time":"2023-05-10T07:45:33+00:00","og_image":[{"width":1000,"height":800,"url":"https:\/\/rival-haas.hu\/wp-content\/uploads\/371310.jpg","type":"image\/jpeg"}],"twitter_card":"summary_large_image","schema":{"@context":"https:\/\/schema.org","@graph":[{"@type":"WebPage","@id":"https:\/\/rival-haas.hu\/en\/products\/pinar-ergonomikus-ruhaskosar-harom-markolattal\/","url":"https:\/\/rival-haas.hu\/en\/products\/pinar-ergonomikus-ruhaskosar-harom-markolattal\/","name":"\"Pinar\" ergonomikus ruh\u00e1skos\u00e1r, h\u00e1rom markolattal - Lajta-Haas Kft.","isPartOf":{"@id":"https:\/\/rival-haas.hu\/en\/#website"},"datePublished":"2023-03-24T14:58:03+00:00","dateModified":"2023-05-10T07:45:33+00:00","breadcrumb":{"@id":"https:\/\/rival-haas.hu\/en\/products\/pinar-ergonomikus-ruhaskosar-harom-markolattal\/#breadcrumb"},"inLanguage":"en-US","potentialAction":[{"@type":"ReadAction","target":["https:\/\/rival-haas.hu\/en\/products\/pinar-ergonomikus-ruhaskosar-harom-markolattal\/"]}]},{"@type":"BreadcrumbList","@id":"https:\/\/rival-haas.hu\/en\/products\/pinar-ergonomikus-ruhaskosar-harom-markolattal\/#breadcrumb","itemListElement":[{"@type":"ListItem","position":1,"name":"Shop","item":"https:\/\/rival-haas.hu\/en\/shop\/"},{"@type":"ListItem","position":2,"name":"&#8220;Pinar&#8221; ergonomikus ruh\u00e1skos\u00e1r, h\u00e1rom markolattal"}]},{"@type":"WebSite","@id":"https:\/\/rival-haas.hu\/en\/#website","url":"https:\/\/rival-haas.hu\/en\/","name":"Lajta-Haas Kft.","description":"","potentialAction":[{"@type":"SearchAction","target":{"@type":"EntryPoint","urlTemplate":"https:\/\/rival-haas.hu\/en\/?s={search_term_string}"},"query-input":"required name=search_term_string"}],"inLanguage":"en-US"}]}},"_links":{"self":[{"href":"https:\/\/rival-haas.hu\/en\/wp-json\/wp\/v2\/product\/1437","targetHints":{"allow":["GET"]}}],"collection":[{"href":"https:\/\/rival-haas.hu\/en\/wp-json\/wp\/v2\/product"}],"about":[{"href":"https:\/\/rival-haas.hu\/en\/wp-json\/wp\/v2\/types\/product"}],"replies":[{"embeddable":true,"href":"https:\/\/rival-haas.hu\/en\/wp-json\/wp\/v2\/comments?post=1437"}],"wp:featuredmedia":[{"embeddable":true,"href":"https:\/\/rival-haas.hu\/en\/wp-json\/wp\/v2\/media\/1811"}],"wp:attachment":[{"href":"https:\/\/rival-haas.hu\/en\/wp-json\/wp\/v2\/media?parent=1437"}],"wp:term":[{"taxonomy":"product_cat","embeddable":true,"href":"https:\/\/rival-haas.hu\/en\/wp-json\/wp\/v2\/product_cat?post=1437"},{"taxonomy":"product_tag","embeddable":true,"href":"https:\/\/rival-haas.hu\/en\/wp-json\/wp\/v2\/product_tag?post=1437"}],"curies":[{"name":"wp","href":"https:\/\/api.w.org\/{rel}","templated":true}]}}