{"id":1493,"date":"2023-03-29T12:25:56","date_gmt":"2023-03-29T10:25:56","guid":{"rendered":"http:\/\/wp.rival-haas.hu\/?post_type=product&#038;p=1493"},"modified":"2023-05-10T09:28:13","modified_gmt":"2023-05-10T07:28:13","slug":"euro-line-2-az-1-ben-edeny-mosogatokefe-kerek-cserelheto-bukkfa-fejjel","status":"publish","type":"product","link":"https:\/\/rival-haas.hu\/en\/products\/euro-line-2-az-1-ben-edeny-mosogatokefe-kerek-cserelheto-bukkfa-fejjel\/","title":{"rendered":"&#8220;EURO-LINE&#8221; 2 az 1-ben ed\u00e9ny mosogat\u00f3kefe, kerek cser\u00e9lhet\u0151  b\u00fckkfa fejjel"},"content":{"rendered":"","protected":false},"excerpt":{"rendered":"","protected":false},"featured_media":1834,"comment_status":"open","ping_status":"closed","template":"","meta":[],"product_cat":[108,90],"product_tag":[],"class_list":{"0":"post-1493","1":"product","2":"type-product","3":"status-publish","4":"has-post-thumbnail","6":"product_cat-konyha","7":"product_cat-takaritasi-eszkozok","9":"first","10":"instock","11":"shipping-taxable","12":"product-type-simple"},"yoast_head":"<!-- This site is optimized with the Yoast SEO plugin v21.7 - https:\/\/yoast.com\/wordpress\/plugins\/seo\/ -->\n<title>&quot;EURO-LINE&quot; 2 az 1-ben ed\u00e9ny mosogat\u00f3kefe, kerek cser\u00e9lhet\u0151 b\u00fckkfa fejjel - Lajta-Haas Kft.<\/title>\n<meta name=\"robots\" content=\"index, follow, max-snippet:-1, max-image-preview:large, max-video-preview:-1\" \/>\n<link rel=\"canonical\" href=\"https:\/\/rival-haas.hu\/en\/products\/euro-line-2-az-1-ben-edeny-mosogatokefe-kerek-cserelheto-bukkfa-fejjel\/\" \/>\n<meta property=\"og:locale\" content=\"en_US\" \/>\n<meta property=\"og:type\" content=\"article\" \/>\n<meta property=\"og:title\" content=\"&quot;EURO-LINE&quot; 2 az 1-ben ed\u00e9ny mosogat\u00f3kefe, kerek cser\u00e9lhet\u0151 b\u00fckkfa fejjel - Lajta-Haas Kft.\" \/>\n<meta property=\"og:url\" content=\"https:\/\/rival-haas.hu\/en\/products\/euro-line-2-az-1-ben-edeny-mosogatokefe-kerek-cserelheto-bukkfa-fejjel\/\" \/>\n<meta property=\"og:site_name\" content=\"Lajta-Haas Kft.\" \/>\n<meta property=\"article:modified_time\" content=\"2023-05-10T07:28:13+00:00\" \/>\n<meta property=\"og:image\" content=\"https:\/\/rival-haas.hu\/wp-content\/uploads\/HEL796.jpg\" \/>\n\t<meta property=\"og:image:width\" content=\"1000\" \/>\n\t<meta property=\"og:image:height\" content=\"800\" \/>\n\t<meta property=\"og:image:type\" content=\"image\/jpeg\" \/>\n<meta name=\"twitter:card\" content=\"summary_large_image\" \/>\n<script type=\"application\/ld+json\" class=\"yoast-schema-graph\">{\"@context\":\"https:\/\/schema.org\",\"@graph\":[{\"@type\":\"WebPage\",\"@id\":\"https:\/\/rival-haas.hu\/en\/products\/euro-line-2-az-1-ben-edeny-mosogatokefe-kerek-cserelheto-bukkfa-fejjel\/\",\"url\":\"https:\/\/rival-haas.hu\/en\/products\/euro-line-2-az-1-ben-edeny-mosogatokefe-kerek-cserelheto-bukkfa-fejjel\/\",\"name\":\"\\\"EURO-LINE\\\" 2 az 1-ben ed\u00e9ny mosogat\u00f3kefe, kerek cser\u00e9lhet\u0151 b\u00fckkfa fejjel - Lajta-Haas Kft.\",\"isPartOf\":{\"@id\":\"https:\/\/rival-haas.hu\/en\/#website\"},\"datePublished\":\"2023-03-29T10:25:56+00:00\",\"dateModified\":\"2023-05-10T07:28:13+00:00\",\"breadcrumb\":{\"@id\":\"https:\/\/rival-haas.hu\/en\/products\/euro-line-2-az-1-ben-edeny-mosogatokefe-kerek-cserelheto-bukkfa-fejjel\/#breadcrumb\"},\"inLanguage\":\"en-US\",\"potentialAction\":[{\"@type\":\"ReadAction\",\"target\":[\"https:\/\/rival-haas.hu\/en\/products\/euro-line-2-az-1-ben-edeny-mosogatokefe-kerek-cserelheto-bukkfa-fejjel\/\"]}]},{\"@type\":\"BreadcrumbList\",\"@id\":\"https:\/\/rival-haas.hu\/en\/products\/euro-line-2-az-1-ben-edeny-mosogatokefe-kerek-cserelheto-bukkfa-fejjel\/#breadcrumb\",\"itemListElement\":[{\"@type\":\"ListItem\",\"position\":1,\"name\":\"Shop\",\"item\":\"https:\/\/rival-haas.hu\/en\/shop\/\"},{\"@type\":\"ListItem\",\"position\":2,\"name\":\"&#8220;EURO-LINE&#8221; 2 az 1-ben ed\u00e9ny mosogat\u00f3kefe, kerek cser\u00e9lhet\u0151 b\u00fckkfa fejjel\"}]},{\"@type\":\"WebSite\",\"@id\":\"https:\/\/rival-haas.hu\/en\/#website\",\"url\":\"https:\/\/rival-haas.hu\/en\/\",\"name\":\"Lajta-Haas Kft.\",\"description\":\"\",\"potentialAction\":[{\"@type\":\"SearchAction\",\"target\":{\"@type\":\"EntryPoint\",\"urlTemplate\":\"https:\/\/rival-haas.hu\/en\/?s={search_term_string}\"},\"query-input\":\"required name=search_term_string\"}],\"inLanguage\":\"en-US\"}]}<\/script>\n<!-- \/ Yoast SEO plugin. -->","yoast_head_json":{"title":"\"EURO-LINE\" 2 az 1-ben ed\u00e9ny mosogat\u00f3kefe, kerek cser\u00e9lhet\u0151 b\u00fckkfa fejjel - Lajta-Haas Kft.","robots":{"index":"index","follow":"follow","max-snippet":"max-snippet:-1","max-image-preview":"max-image-preview:large","max-video-preview":"max-video-preview:-1"},"canonical":"https:\/\/rival-haas.hu\/en\/products\/euro-line-2-az-1-ben-edeny-mosogatokefe-kerek-cserelheto-bukkfa-fejjel\/","og_locale":"en_US","og_type":"article","og_title":"\"EURO-LINE\" 2 az 1-ben ed\u00e9ny mosogat\u00f3kefe, kerek cser\u00e9lhet\u0151 b\u00fckkfa fejjel - Lajta-Haas Kft.","og_url":"https:\/\/rival-haas.hu\/en\/products\/euro-line-2-az-1-ben-edeny-mosogatokefe-kerek-cserelheto-bukkfa-fejjel\/","og_site_name":"Lajta-Haas Kft.","article_modified_time":"2023-05-10T07:28:13+00:00","og_image":[{"width":1000,"height":800,"url":"https:\/\/rival-haas.hu\/wp-content\/uploads\/HEL796.jpg","type":"image\/jpeg"}],"twitter_card":"summary_large_image","schema":{"@context":"https:\/\/schema.org","@graph":[{"@type":"WebPage","@id":"https:\/\/rival-haas.hu\/en\/products\/euro-line-2-az-1-ben-edeny-mosogatokefe-kerek-cserelheto-bukkfa-fejjel\/","url":"https:\/\/rival-haas.hu\/en\/products\/euro-line-2-az-1-ben-edeny-mosogatokefe-kerek-cserelheto-bukkfa-fejjel\/","name":"\"EURO-LINE\" 2 az 1-ben ed\u00e9ny mosogat\u00f3kefe, kerek cser\u00e9lhet\u0151 b\u00fckkfa fejjel - Lajta-Haas Kft.","isPartOf":{"@id":"https:\/\/rival-haas.hu\/en\/#website"},"datePublished":"2023-03-29T10:25:56+00:00","dateModified":"2023-05-10T07:28:13+00:00","breadcrumb":{"@id":"https:\/\/rival-haas.hu\/en\/products\/euro-line-2-az-1-ben-edeny-mosogatokefe-kerek-cserelheto-bukkfa-fejjel\/#breadcrumb"},"inLanguage":"en-US","potentialAction":[{"@type":"ReadAction","target":["https:\/\/rival-haas.hu\/en\/products\/euro-line-2-az-1-ben-edeny-mosogatokefe-kerek-cserelheto-bukkfa-fejjel\/"]}]},{"@type":"BreadcrumbList","@id":"https:\/\/rival-haas.hu\/en\/products\/euro-line-2-az-1-ben-edeny-mosogatokefe-kerek-cserelheto-bukkfa-fejjel\/#breadcrumb","itemListElement":[{"@type":"ListItem","position":1,"name":"Shop","item":"https:\/\/rival-haas.hu\/en\/shop\/"},{"@type":"ListItem","position":2,"name":"&#8220;EURO-LINE&#8221; 2 az 1-ben ed\u00e9ny mosogat\u00f3kefe, kerek cser\u00e9lhet\u0151 b\u00fckkfa fejjel"}]},{"@type":"WebSite","@id":"https:\/\/rival-haas.hu\/en\/#website","url":"https:\/\/rival-haas.hu\/en\/","name":"Lajta-Haas Kft.","description":"","potentialAction":[{"@type":"SearchAction","target":{"@type":"EntryPoint","urlTemplate":"https:\/\/rival-haas.hu\/en\/?s={search_term_string}"},"query-input":"required name=search_term_string"}],"inLanguage":"en-US"}]}},"_links":{"self":[{"href":"https:\/\/rival-haas.hu\/en\/wp-json\/wp\/v2\/product\/1493","targetHints":{"allow":["GET"]}}],"collection":[{"href":"https:\/\/rival-haas.hu\/en\/wp-json\/wp\/v2\/product"}],"about":[{"href":"https:\/\/rival-haas.hu\/en\/wp-json\/wp\/v2\/types\/product"}],"replies":[{"embeddable":true,"href":"https:\/\/rival-haas.hu\/en\/wp-json\/wp\/v2\/comments?post=1493"}],"wp:featuredmedia":[{"embeddable":true,"href":"https:\/\/rival-haas.hu\/en\/wp-json\/wp\/v2\/media\/1834"}],"wp:attachment":[{"href":"https:\/\/rival-haas.hu\/en\/wp-json\/wp\/v2\/media?parent=1493"}],"wp:term":[{"taxonomy":"product_cat","embeddable":true,"href":"https:\/\/rival-haas.hu\/en\/wp-json\/wp\/v2\/product_cat?post=1493"},{"taxonomy":"product_tag","embeddable":true,"href":"https:\/\/rival-haas.hu\/en\/wp-json\/wp\/v2\/product_tag?post=1493"}],"curies":[{"name":"wp","href":"https:\/\/api.w.org\/{rel}","templated":true}]}}