{"id":1520,"date":"2023-03-29T14:06:37","date_gmt":"2023-03-29T12:06:37","guid":{"rendered":"http:\/\/wp.rival-haas.hu\/produkt\/fensterwascher\/"},"modified":"2023-07-14T14:04:10","modified_gmt":"2023-07-14T12:04:10","slug":"ablaktisztito-szivaccsal-es-gumis-lehuzoval-20-cm","status":"publish","type":"product","link":"https:\/\/rival-haas.hu\/en\/products\/ablaktisztito-szivaccsal-es-gumis-lehuzoval-20-cm\/","title":{"rendered":"Ablaktisztit\u00f3, szivaccsal \u00e9s gumis leh\u00faz\u00f3val, 20 cm"},"content":{"rendered":"","protected":false},"excerpt":{"rendered":"<p>A szivacsnak \u00e9s a gumibet\u00e9tnek k\u00f6sz\u00f6nhet\u0151en az ablakmos\u00f3 biztos\u00edtja az ablakok cs\u00edkmentes tiszt\u00edt\u00e1s\u00e1t.<\/p>\n","protected":false},"featured_media":826,"comment_status":"closed","ping_status":"closed","template":"","meta":[],"product_cat":[97,109,90],"product_tag":[],"class_list":{"0":"post-1520","1":"product","2":"type-product","3":"status-publish","4":"has-post-thumbnail","6":"product_cat-ablakpucolas-radiatortisztitas-portorles-autoapolas","7":"product_cat-kinti-benti-segedek","8":"product_cat-takaritasi-eszkozok","10":"first","11":"instock","12":"shipping-taxable","13":"product-type-simple"},"yoast_head":"<!-- This site is optimized with the Yoast SEO plugin v21.7 - https:\/\/yoast.com\/wordpress\/plugins\/seo\/ -->\n<title>Ablaktisztit\u00f3, szivaccsal \u00e9s gumis leh\u00faz\u00f3val, 20 cm - Lajta-Haas Kft.<\/title>\n<meta name=\"robots\" content=\"index, follow, max-snippet:-1, max-image-preview:large, max-video-preview:-1\" \/>\n<link rel=\"canonical\" href=\"https:\/\/rival-haas.hu\/en\/products\/ablaktisztito-szivaccsal-es-gumis-lehuzoval-20-cm\/\" \/>\n<meta property=\"og:locale\" content=\"en_US\" \/>\n<meta property=\"og:type\" content=\"article\" \/>\n<meta property=\"og:title\" content=\"Ablaktisztit\u00f3, szivaccsal \u00e9s gumis leh\u00faz\u00f3val, 20 cm - Lajta-Haas Kft.\" \/>\n<meta property=\"og:description\" content=\"A szivacsnak \u00e9s a gumibet\u00e9tnek k\u00f6sz\u00f6nhet\u0151en az ablakmos\u00f3 biztos\u00edtja az ablakok cs\u00edkmentes tiszt\u00edt\u00e1s\u00e1t.\" \/>\n<meta property=\"og:url\" content=\"https:\/\/rival-haas.hu\/en\/products\/ablaktisztito-szivaccsal-es-gumis-lehuzoval-20-cm\/\" \/>\n<meta property=\"og:site_name\" content=\"Lajta-Haas Kft.\" \/>\n<meta property=\"article:modified_time\" content=\"2023-07-14T12:04:10+00:00\" \/>\n<meta property=\"og:image\" content=\"https:\/\/rival-haas.hu\/wp-content\/uploads\/400000.jpg\" \/>\n\t<meta property=\"og:image:width\" content=\"1000\" \/>\n\t<meta property=\"og:image:height\" content=\"800\" \/>\n\t<meta property=\"og:image:type\" content=\"image\/jpeg\" \/>\n<meta name=\"twitter:card\" content=\"summary_large_image\" \/>\n<script type=\"application\/ld+json\" class=\"yoast-schema-graph\">{\"@context\":\"https:\/\/schema.org\",\"@graph\":[{\"@type\":\"WebPage\",\"@id\":\"https:\/\/rival-haas.hu\/en\/products\/ablaktisztito-szivaccsal-es-gumis-lehuzoval-20-cm\/\",\"url\":\"https:\/\/rival-haas.hu\/en\/products\/ablaktisztito-szivaccsal-es-gumis-lehuzoval-20-cm\/\",\"name\":\"Ablaktisztit\u00f3, szivaccsal \u00e9s gumis leh\u00faz\u00f3val, 20 cm - Lajta-Haas Kft.\",\"isPartOf\":{\"@id\":\"https:\/\/rival-haas.hu\/en\/#website\"},\"datePublished\":\"2023-03-29T12:06:37+00:00\",\"dateModified\":\"2023-07-14T12:04:10+00:00\",\"breadcrumb\":{\"@id\":\"https:\/\/rival-haas.hu\/en\/products\/ablaktisztito-szivaccsal-es-gumis-lehuzoval-20-cm\/#breadcrumb\"},\"inLanguage\":\"en-US\",\"potentialAction\":[{\"@type\":\"ReadAction\",\"target\":[\"https:\/\/rival-haas.hu\/en\/products\/ablaktisztito-szivaccsal-es-gumis-lehuzoval-20-cm\/\"]}]},{\"@type\":\"BreadcrumbList\",\"@id\":\"https:\/\/rival-haas.hu\/en\/products\/ablaktisztito-szivaccsal-es-gumis-lehuzoval-20-cm\/#breadcrumb\",\"itemListElement\":[{\"@type\":\"ListItem\",\"position\":1,\"name\":\"Shop\",\"item\":\"https:\/\/rival-haas.hu\/en\/shop\/\"},{\"@type\":\"ListItem\",\"position\":2,\"name\":\"Ablaktisztit\u00f3, szivaccsal \u00e9s gumis leh\u00faz\u00f3val, 20 cm\"}]},{\"@type\":\"WebSite\",\"@id\":\"https:\/\/rival-haas.hu\/en\/#website\",\"url\":\"https:\/\/rival-haas.hu\/en\/\",\"name\":\"Lajta-Haas Kft.\",\"description\":\"\",\"potentialAction\":[{\"@type\":\"SearchAction\",\"target\":{\"@type\":\"EntryPoint\",\"urlTemplate\":\"https:\/\/rival-haas.hu\/en\/?s={search_term_string}\"},\"query-input\":\"required name=search_term_string\"}],\"inLanguage\":\"en-US\"}]}<\/script>\n<!-- \/ Yoast SEO plugin. -->","yoast_head_json":{"title":"Ablaktisztit\u00f3, szivaccsal \u00e9s gumis leh\u00faz\u00f3val, 20 cm - Lajta-Haas Kft.","robots":{"index":"index","follow":"follow","max-snippet":"max-snippet:-1","max-image-preview":"max-image-preview:large","max-video-preview":"max-video-preview:-1"},"canonical":"https:\/\/rival-haas.hu\/en\/products\/ablaktisztito-szivaccsal-es-gumis-lehuzoval-20-cm\/","og_locale":"en_US","og_type":"article","og_title":"Ablaktisztit\u00f3, szivaccsal \u00e9s gumis leh\u00faz\u00f3val, 20 cm - Lajta-Haas Kft.","og_description":"A szivacsnak \u00e9s a gumibet\u00e9tnek k\u00f6sz\u00f6nhet\u0151en az ablakmos\u00f3 biztos\u00edtja az ablakok cs\u00edkmentes tiszt\u00edt\u00e1s\u00e1t.","og_url":"https:\/\/rival-haas.hu\/en\/products\/ablaktisztito-szivaccsal-es-gumis-lehuzoval-20-cm\/","og_site_name":"Lajta-Haas Kft.","article_modified_time":"2023-07-14T12:04:10+00:00","og_image":[{"width":1000,"height":800,"url":"https:\/\/rival-haas.hu\/wp-content\/uploads\/400000.jpg","type":"image\/jpeg"}],"twitter_card":"summary_large_image","schema":{"@context":"https:\/\/schema.org","@graph":[{"@type":"WebPage","@id":"https:\/\/rival-haas.hu\/en\/products\/ablaktisztito-szivaccsal-es-gumis-lehuzoval-20-cm\/","url":"https:\/\/rival-haas.hu\/en\/products\/ablaktisztito-szivaccsal-es-gumis-lehuzoval-20-cm\/","name":"Ablaktisztit\u00f3, szivaccsal \u00e9s gumis leh\u00faz\u00f3val, 20 cm - Lajta-Haas Kft.","isPartOf":{"@id":"https:\/\/rival-haas.hu\/en\/#website"},"datePublished":"2023-03-29T12:06:37+00:00","dateModified":"2023-07-14T12:04:10+00:00","breadcrumb":{"@id":"https:\/\/rival-haas.hu\/en\/products\/ablaktisztito-szivaccsal-es-gumis-lehuzoval-20-cm\/#breadcrumb"},"inLanguage":"en-US","potentialAction":[{"@type":"ReadAction","target":["https:\/\/rival-haas.hu\/en\/products\/ablaktisztito-szivaccsal-es-gumis-lehuzoval-20-cm\/"]}]},{"@type":"BreadcrumbList","@id":"https:\/\/rival-haas.hu\/en\/products\/ablaktisztito-szivaccsal-es-gumis-lehuzoval-20-cm\/#breadcrumb","itemListElement":[{"@type":"ListItem","position":1,"name":"Shop","item":"https:\/\/rival-haas.hu\/en\/shop\/"},{"@type":"ListItem","position":2,"name":"Ablaktisztit\u00f3, szivaccsal \u00e9s gumis leh\u00faz\u00f3val, 20 cm"}]},{"@type":"WebSite","@id":"https:\/\/rival-haas.hu\/en\/#website","url":"https:\/\/rival-haas.hu\/en\/","name":"Lajta-Haas Kft.","description":"","potentialAction":[{"@type":"SearchAction","target":{"@type":"EntryPoint","urlTemplate":"https:\/\/rival-haas.hu\/en\/?s={search_term_string}"},"query-input":"required name=search_term_string"}],"inLanguage":"en-US"}]}},"_links":{"self":[{"href":"https:\/\/rival-haas.hu\/en\/wp-json\/wp\/v2\/product\/1520","targetHints":{"allow":["GET"]}}],"collection":[{"href":"https:\/\/rival-haas.hu\/en\/wp-json\/wp\/v2\/product"}],"about":[{"href":"https:\/\/rival-haas.hu\/en\/wp-json\/wp\/v2\/types\/product"}],"replies":[{"embeddable":true,"href":"https:\/\/rival-haas.hu\/en\/wp-json\/wp\/v2\/comments?post=1520"}],"wp:featuredmedia":[{"embeddable":true,"href":"https:\/\/rival-haas.hu\/en\/wp-json\/wp\/v2\/media\/826"}],"wp:attachment":[{"href":"https:\/\/rival-haas.hu\/en\/wp-json\/wp\/v2\/media?parent=1520"}],"wp:term":[{"taxonomy":"product_cat","embeddable":true,"href":"https:\/\/rival-haas.hu\/en\/wp-json\/wp\/v2\/product_cat?post=1520"},{"taxonomy":"product_tag","embeddable":true,"href":"https:\/\/rival-haas.hu\/en\/wp-json\/wp\/v2\/product_tag?post=1520"}],"curies":[{"name":"wp","href":"https:\/\/api.w.org\/{rel}","templated":true}]}}