{"id":1539,"date":"2023-04-30T16:34:04","date_gmt":"2023-04-30T14:34:04","guid":{"rendered":"http:\/\/wp.rival-haas.hu\/?post_type=product&#038;p=1539"},"modified":"2023-05-10T09:32:13","modified_gmt":"2023-05-10T07:32:13","slug":"frissen-tarto-elelmiszertarolo-elegans-bukkfa-kinalotalppal-kozepes","status":"publish","type":"product","link":"https:\/\/rival-haas.hu\/en\/products\/frissen-tarto-elelmiszertarolo-elegans-bukkfa-kinalotalppal-kozepes\/","title":{"rendered":"Frissen tart\u00f3 \u00e9lelmiszert\u00e1rol\u00f3 eleg\u00e1ns b\u00fckkfa k\u00edn\u00e1l\u00f3talppal, k\u00f6zepes"},"content":{"rendered":"","protected":false},"excerpt":{"rendered":"","protected":false},"featured_media":1750,"comment_status":"open","ping_status":"closed","template":"","meta":[],"product_cat":[91],"product_tag":[],"class_list":{"0":"post-1539","1":"product","2":"type-product","3":"status-publish","4":"has-post-thumbnail","6":"product_cat-eletmod-terulet","8":"first","9":"instock","10":"shipping-taxable","11":"product-type-simple"},"yoast_head":"<!-- This site is optimized with the Yoast SEO plugin v21.7 - https:\/\/yoast.com\/wordpress\/plugins\/seo\/ -->\n<title>Frissen tart\u00f3 \u00e9lelmiszert\u00e1rol\u00f3 eleg\u00e1ns b\u00fckkfa k\u00edn\u00e1l\u00f3talppal, k\u00f6zepes - Lajta-Haas Kft.<\/title>\n<meta name=\"robots\" content=\"index, follow, max-snippet:-1, max-image-preview:large, max-video-preview:-1\" \/>\n<link rel=\"canonical\" href=\"https:\/\/rival-haas.hu\/en\/products\/frissen-tarto-elelmiszertarolo-elegans-bukkfa-kinalotalppal-kozepes\/\" \/>\n<meta property=\"og:locale\" content=\"en_US\" \/>\n<meta property=\"og:type\" content=\"article\" \/>\n<meta property=\"og:title\" content=\"Frissen tart\u00f3 \u00e9lelmiszert\u00e1rol\u00f3 eleg\u00e1ns b\u00fckkfa k\u00edn\u00e1l\u00f3talppal, k\u00f6zepes - Lajta-Haas Kft.\" \/>\n<meta property=\"og:url\" content=\"https:\/\/rival-haas.hu\/en\/products\/frissen-tarto-elelmiszertarolo-elegans-bukkfa-kinalotalppal-kozepes\/\" \/>\n<meta property=\"og:site_name\" content=\"Lajta-Haas Kft.\" \/>\n<meta property=\"article:modified_time\" content=\"2023-05-10T07:32:13+00:00\" \/>\n<meta property=\"og:image\" content=\"https:\/\/rival-haas.hu\/wp-content\/uploads\/LS15380000E00.jpg\" \/>\n\t<meta property=\"og:image:width\" content=\"1000\" \/>\n\t<meta property=\"og:image:height\" content=\"800\" \/>\n\t<meta property=\"og:image:type\" content=\"image\/jpeg\" \/>\n<meta name=\"twitter:card\" content=\"summary_large_image\" \/>\n<script type=\"application\/ld+json\" class=\"yoast-schema-graph\">{\"@context\":\"https:\/\/schema.org\",\"@graph\":[{\"@type\":\"WebPage\",\"@id\":\"https:\/\/rival-haas.hu\/en\/products\/frissen-tarto-elelmiszertarolo-elegans-bukkfa-kinalotalppal-kozepes\/\",\"url\":\"https:\/\/rival-haas.hu\/en\/products\/frissen-tarto-elelmiszertarolo-elegans-bukkfa-kinalotalppal-kozepes\/\",\"name\":\"Frissen tart\u00f3 \u00e9lelmiszert\u00e1rol\u00f3 eleg\u00e1ns b\u00fckkfa k\u00edn\u00e1l\u00f3talppal, k\u00f6zepes - Lajta-Haas Kft.\",\"isPartOf\":{\"@id\":\"https:\/\/rival-haas.hu\/en\/#website\"},\"datePublished\":\"2023-04-30T14:34:04+00:00\",\"dateModified\":\"2023-05-10T07:32:13+00:00\",\"breadcrumb\":{\"@id\":\"https:\/\/rival-haas.hu\/en\/products\/frissen-tarto-elelmiszertarolo-elegans-bukkfa-kinalotalppal-kozepes\/#breadcrumb\"},\"inLanguage\":\"en-US\",\"potentialAction\":[{\"@type\":\"ReadAction\",\"target\":[\"https:\/\/rival-haas.hu\/en\/products\/frissen-tarto-elelmiszertarolo-elegans-bukkfa-kinalotalppal-kozepes\/\"]}]},{\"@type\":\"BreadcrumbList\",\"@id\":\"https:\/\/rival-haas.hu\/en\/products\/frissen-tarto-elelmiszertarolo-elegans-bukkfa-kinalotalppal-kozepes\/#breadcrumb\",\"itemListElement\":[{\"@type\":\"ListItem\",\"position\":1,\"name\":\"Shop\",\"item\":\"https:\/\/rival-haas.hu\/en\/shop\/\"},{\"@type\":\"ListItem\",\"position\":2,\"name\":\"Frissen tart\u00f3 \u00e9lelmiszert\u00e1rol\u00f3 eleg\u00e1ns b\u00fckkfa k\u00edn\u00e1l\u00f3talppal, k\u00f6zepes\"}]},{\"@type\":\"WebSite\",\"@id\":\"https:\/\/rival-haas.hu\/en\/#website\",\"url\":\"https:\/\/rival-haas.hu\/en\/\",\"name\":\"Lajta-Haas Kft.\",\"description\":\"\",\"potentialAction\":[{\"@type\":\"SearchAction\",\"target\":{\"@type\":\"EntryPoint\",\"urlTemplate\":\"https:\/\/rival-haas.hu\/en\/?s={search_term_string}\"},\"query-input\":\"required name=search_term_string\"}],\"inLanguage\":\"en-US\"}]}<\/script>\n<!-- \/ Yoast SEO plugin. -->","yoast_head_json":{"title":"Frissen tart\u00f3 \u00e9lelmiszert\u00e1rol\u00f3 eleg\u00e1ns b\u00fckkfa k\u00edn\u00e1l\u00f3talppal, k\u00f6zepes - Lajta-Haas Kft.","robots":{"index":"index","follow":"follow","max-snippet":"max-snippet:-1","max-image-preview":"max-image-preview:large","max-video-preview":"max-video-preview:-1"},"canonical":"https:\/\/rival-haas.hu\/en\/products\/frissen-tarto-elelmiszertarolo-elegans-bukkfa-kinalotalppal-kozepes\/","og_locale":"en_US","og_type":"article","og_title":"Frissen tart\u00f3 \u00e9lelmiszert\u00e1rol\u00f3 eleg\u00e1ns b\u00fckkfa k\u00edn\u00e1l\u00f3talppal, k\u00f6zepes - Lajta-Haas Kft.","og_url":"https:\/\/rival-haas.hu\/en\/products\/frissen-tarto-elelmiszertarolo-elegans-bukkfa-kinalotalppal-kozepes\/","og_site_name":"Lajta-Haas Kft.","article_modified_time":"2023-05-10T07:32:13+00:00","og_image":[{"width":1000,"height":800,"url":"https:\/\/rival-haas.hu\/wp-content\/uploads\/LS15380000E00.jpg","type":"image\/jpeg"}],"twitter_card":"summary_large_image","schema":{"@context":"https:\/\/schema.org","@graph":[{"@type":"WebPage","@id":"https:\/\/rival-haas.hu\/en\/products\/frissen-tarto-elelmiszertarolo-elegans-bukkfa-kinalotalppal-kozepes\/","url":"https:\/\/rival-haas.hu\/en\/products\/frissen-tarto-elelmiszertarolo-elegans-bukkfa-kinalotalppal-kozepes\/","name":"Frissen tart\u00f3 \u00e9lelmiszert\u00e1rol\u00f3 eleg\u00e1ns b\u00fckkfa k\u00edn\u00e1l\u00f3talppal, k\u00f6zepes - Lajta-Haas Kft.","isPartOf":{"@id":"https:\/\/rival-haas.hu\/en\/#website"},"datePublished":"2023-04-30T14:34:04+00:00","dateModified":"2023-05-10T07:32:13+00:00","breadcrumb":{"@id":"https:\/\/rival-haas.hu\/en\/products\/frissen-tarto-elelmiszertarolo-elegans-bukkfa-kinalotalppal-kozepes\/#breadcrumb"},"inLanguage":"en-US","potentialAction":[{"@type":"ReadAction","target":["https:\/\/rival-haas.hu\/en\/products\/frissen-tarto-elelmiszertarolo-elegans-bukkfa-kinalotalppal-kozepes\/"]}]},{"@type":"BreadcrumbList","@id":"https:\/\/rival-haas.hu\/en\/products\/frissen-tarto-elelmiszertarolo-elegans-bukkfa-kinalotalppal-kozepes\/#breadcrumb","itemListElement":[{"@type":"ListItem","position":1,"name":"Shop","item":"https:\/\/rival-haas.hu\/en\/shop\/"},{"@type":"ListItem","position":2,"name":"Frissen tart\u00f3 \u00e9lelmiszert\u00e1rol\u00f3 eleg\u00e1ns b\u00fckkfa k\u00edn\u00e1l\u00f3talppal, k\u00f6zepes"}]},{"@type":"WebSite","@id":"https:\/\/rival-haas.hu\/en\/#website","url":"https:\/\/rival-haas.hu\/en\/","name":"Lajta-Haas Kft.","description":"","potentialAction":[{"@type":"SearchAction","target":{"@type":"EntryPoint","urlTemplate":"https:\/\/rival-haas.hu\/en\/?s={search_term_string}"},"query-input":"required name=search_term_string"}],"inLanguage":"en-US"}]}},"_links":{"self":[{"href":"https:\/\/rival-haas.hu\/en\/wp-json\/wp\/v2\/product\/1539","targetHints":{"allow":["GET"]}}],"collection":[{"href":"https:\/\/rival-haas.hu\/en\/wp-json\/wp\/v2\/product"}],"about":[{"href":"https:\/\/rival-haas.hu\/en\/wp-json\/wp\/v2\/types\/product"}],"replies":[{"embeddable":true,"href":"https:\/\/rival-haas.hu\/en\/wp-json\/wp\/v2\/comments?post=1539"}],"wp:featuredmedia":[{"embeddable":true,"href":"https:\/\/rival-haas.hu\/en\/wp-json\/wp\/v2\/media\/1750"}],"wp:attachment":[{"href":"https:\/\/rival-haas.hu\/en\/wp-json\/wp\/v2\/media?parent=1539"}],"wp:term":[{"taxonomy":"product_cat","embeddable":true,"href":"https:\/\/rival-haas.hu\/en\/wp-json\/wp\/v2\/product_cat?post=1539"},{"taxonomy":"product_tag","embeddable":true,"href":"https:\/\/rival-haas.hu\/en\/wp-json\/wp\/v2\/product_tag?post=1539"}],"curies":[{"name":"wp","href":"https:\/\/api.w.org\/{rel}","templated":true}]}}