{"id":1549,"date":"2023-03-31T08:43:11","date_gmt":"2023-03-31T06:43:11","guid":{"rendered":"http:\/\/wp.rival-haas.hu\/?post_type=product&#038;p=1549"},"modified":"2023-04-25T21:35:30","modified_gmt":"2023-04-25T19:35:30","slug":"rattan-kosar-bukkfa-tetovel-mikro","status":"publish","type":"product","link":"https:\/\/rival-haas.hu\/en\/products\/rattan-kosar-bukkfa-tetovel-mikro\/","title":{"rendered":"Rattan kos\u00e1r b\u00fckkfa tet\u0151vel mikro"},"content":{"rendered":"","protected":false},"excerpt":{"rendered":"","protected":false},"featured_media":1742,"comment_status":"open","ping_status":"closed","template":"","meta":[],"product_cat":[91],"product_tag":[],"class_list":{"0":"post-1549","1":"product","2":"type-product","3":"status-publish","4":"has-post-thumbnail","6":"product_cat-eletmod-terulet","8":"first","9":"instock","10":"shipping-taxable","11":"product-type-simple"},"yoast_head":"<!-- This site is optimized with the Yoast SEO plugin v21.7 - https:\/\/yoast.com\/wordpress\/plugins\/seo\/ -->\n<title>Rattan kos\u00e1r b\u00fckkfa tet\u0151vel mikro - Lajta-Haas Kft.<\/title>\n<meta name=\"robots\" content=\"index, follow, max-snippet:-1, max-image-preview:large, max-video-preview:-1\" \/>\n<link rel=\"canonical\" href=\"https:\/\/rival-haas.hu\/en\/products\/rattan-kosar-bukkfa-tetovel-mikro\/\" \/>\n<meta property=\"og:locale\" content=\"en_US\" \/>\n<meta property=\"og:type\" content=\"article\" \/>\n<meta property=\"og:title\" content=\"Rattan kos\u00e1r b\u00fckkfa tet\u0151vel mikro - Lajta-Haas Kft.\" \/>\n<meta property=\"og:url\" content=\"https:\/\/rival-haas.hu\/en\/products\/rattan-kosar-bukkfa-tetovel-mikro\/\" \/>\n<meta property=\"og:site_name\" content=\"Lajta-Haas Kft.\" \/>\n<meta property=\"article:modified_time\" content=\"2023-04-25T19:35:30+00:00\" \/>\n<meta property=\"og:image\" content=\"https:\/\/rival-haas.hu\/wp-content\/uploads\/LS37980000E00.jpg\" \/>\n\t<meta property=\"og:image:width\" content=\"1924\" \/>\n\t<meta property=\"og:image:height\" content=\"1540\" \/>\n\t<meta property=\"og:image:type\" content=\"image\/jpeg\" \/>\n<meta name=\"twitter:card\" content=\"summary_large_image\" \/>\n<script type=\"application\/ld+json\" class=\"yoast-schema-graph\">{\"@context\":\"https:\/\/schema.org\",\"@graph\":[{\"@type\":\"WebPage\",\"@id\":\"https:\/\/rival-haas.hu\/en\/products\/rattan-kosar-bukkfa-tetovel-mikro\/\",\"url\":\"https:\/\/rival-haas.hu\/en\/products\/rattan-kosar-bukkfa-tetovel-mikro\/\",\"name\":\"Rattan kos\u00e1r b\u00fckkfa tet\u0151vel mikro - Lajta-Haas Kft.\",\"isPartOf\":{\"@id\":\"https:\/\/rival-haas.hu\/en\/#website\"},\"datePublished\":\"2023-03-31T06:43:11+00:00\",\"dateModified\":\"2023-04-25T19:35:30+00:00\",\"breadcrumb\":{\"@id\":\"https:\/\/rival-haas.hu\/en\/products\/rattan-kosar-bukkfa-tetovel-mikro\/#breadcrumb\"},\"inLanguage\":\"en-US\",\"potentialAction\":[{\"@type\":\"ReadAction\",\"target\":[\"https:\/\/rival-haas.hu\/en\/products\/rattan-kosar-bukkfa-tetovel-mikro\/\"]}]},{\"@type\":\"BreadcrumbList\",\"@id\":\"https:\/\/rival-haas.hu\/en\/products\/rattan-kosar-bukkfa-tetovel-mikro\/#breadcrumb\",\"itemListElement\":[{\"@type\":\"ListItem\",\"position\":1,\"name\":\"Shop\",\"item\":\"https:\/\/rival-haas.hu\/en\/shop\/\"},{\"@type\":\"ListItem\",\"position\":2,\"name\":\"Rattan kos\u00e1r b\u00fckkfa tet\u0151vel mikro\"}]},{\"@type\":\"WebSite\",\"@id\":\"https:\/\/rival-haas.hu\/en\/#website\",\"url\":\"https:\/\/rival-haas.hu\/en\/\",\"name\":\"Lajta-Haas Kft.\",\"description\":\"\",\"potentialAction\":[{\"@type\":\"SearchAction\",\"target\":{\"@type\":\"EntryPoint\",\"urlTemplate\":\"https:\/\/rival-haas.hu\/en\/?s={search_term_string}\"},\"query-input\":\"required name=search_term_string\"}],\"inLanguage\":\"en-US\"}]}<\/script>\n<!-- \/ Yoast SEO plugin. -->","yoast_head_json":{"title":"Rattan kos\u00e1r b\u00fckkfa tet\u0151vel mikro - Lajta-Haas Kft.","robots":{"index":"index","follow":"follow","max-snippet":"max-snippet:-1","max-image-preview":"max-image-preview:large","max-video-preview":"max-video-preview:-1"},"canonical":"https:\/\/rival-haas.hu\/en\/products\/rattan-kosar-bukkfa-tetovel-mikro\/","og_locale":"en_US","og_type":"article","og_title":"Rattan kos\u00e1r b\u00fckkfa tet\u0151vel mikro - Lajta-Haas Kft.","og_url":"https:\/\/rival-haas.hu\/en\/products\/rattan-kosar-bukkfa-tetovel-mikro\/","og_site_name":"Lajta-Haas Kft.","article_modified_time":"2023-04-25T19:35:30+00:00","og_image":[{"width":1924,"height":1540,"url":"https:\/\/rival-haas.hu\/wp-content\/uploads\/LS37980000E00.jpg","type":"image\/jpeg"}],"twitter_card":"summary_large_image","schema":{"@context":"https:\/\/schema.org","@graph":[{"@type":"WebPage","@id":"https:\/\/rival-haas.hu\/en\/products\/rattan-kosar-bukkfa-tetovel-mikro\/","url":"https:\/\/rival-haas.hu\/en\/products\/rattan-kosar-bukkfa-tetovel-mikro\/","name":"Rattan kos\u00e1r b\u00fckkfa tet\u0151vel mikro - Lajta-Haas Kft.","isPartOf":{"@id":"https:\/\/rival-haas.hu\/en\/#website"},"datePublished":"2023-03-31T06:43:11+00:00","dateModified":"2023-04-25T19:35:30+00:00","breadcrumb":{"@id":"https:\/\/rival-haas.hu\/en\/products\/rattan-kosar-bukkfa-tetovel-mikro\/#breadcrumb"},"inLanguage":"en-US","potentialAction":[{"@type":"ReadAction","target":["https:\/\/rival-haas.hu\/en\/products\/rattan-kosar-bukkfa-tetovel-mikro\/"]}]},{"@type":"BreadcrumbList","@id":"https:\/\/rival-haas.hu\/en\/products\/rattan-kosar-bukkfa-tetovel-mikro\/#breadcrumb","itemListElement":[{"@type":"ListItem","position":1,"name":"Shop","item":"https:\/\/rival-haas.hu\/en\/shop\/"},{"@type":"ListItem","position":2,"name":"Rattan kos\u00e1r b\u00fckkfa tet\u0151vel mikro"}]},{"@type":"WebSite","@id":"https:\/\/rival-haas.hu\/en\/#website","url":"https:\/\/rival-haas.hu\/en\/","name":"Lajta-Haas Kft.","description":"","potentialAction":[{"@type":"SearchAction","target":{"@type":"EntryPoint","urlTemplate":"https:\/\/rival-haas.hu\/en\/?s={search_term_string}"},"query-input":"required name=search_term_string"}],"inLanguage":"en-US"}]}},"_links":{"self":[{"href":"https:\/\/rival-haas.hu\/en\/wp-json\/wp\/v2\/product\/1549","targetHints":{"allow":["GET"]}}],"collection":[{"href":"https:\/\/rival-haas.hu\/en\/wp-json\/wp\/v2\/product"}],"about":[{"href":"https:\/\/rival-haas.hu\/en\/wp-json\/wp\/v2\/types\/product"}],"replies":[{"embeddable":true,"href":"https:\/\/rival-haas.hu\/en\/wp-json\/wp\/v2\/comments?post=1549"}],"wp:featuredmedia":[{"embeddable":true,"href":"https:\/\/rival-haas.hu\/en\/wp-json\/wp\/v2\/media\/1742"}],"wp:attachment":[{"href":"https:\/\/rival-haas.hu\/en\/wp-json\/wp\/v2\/media?parent=1549"}],"wp:term":[{"taxonomy":"product_cat","embeddable":true,"href":"https:\/\/rival-haas.hu\/en\/wp-json\/wp\/v2\/product_cat?post=1549"},{"taxonomy":"product_tag","embeddable":true,"href":"https:\/\/rival-haas.hu\/en\/wp-json\/wp\/v2\/product_tag?post=1549"}],"curies":[{"name":"wp","href":"https:\/\/api.w.org\/{rel}","templated":true}]}}