{"id":1571,"date":"2022-03-31T10:00:50","date_gmt":"2022-03-31T08:00:50","guid":{"rendered":"http:\/\/wp.rival-haas.hu\/?post_type=product&#038;p=1571"},"modified":"2023-07-14T14:13:24","modified_gmt":"2023-07-14T12:13:24","slug":"life-style-wc-garnitura-gumirozott-peremtisztitoval-nemesfem-markolattal-olajozott-bukkfa-fedellel","status":"publish","type":"product","link":"https:\/\/rival-haas.hu\/en\/products\/life-style-wc-garnitura-gumirozott-peremtisztitoval-nemesfem-markolattal-olajozott-bukkfa-fedellel\/","title":{"rendered":"&#8220;Life Style&#8221; WC-Garnit\u00fara"},"content":{"rendered":"<p>gumirozott peremtiszt\u00edt\u00f3val, nemesf\u00e9m markolattal, olajozott b\u00fckkfa fed\u00e9llel<\/p>\n","protected":false},"excerpt":{"rendered":"<p>gumirozott peremtiszt\u00edt\u00f3val, nemesf\u00e9m markolattal, olajozott b\u00fckkfa fed\u00e9llel<\/p>\n","protected":false},"featured_media":1733,"comment_status":"closed","ping_status":"closed","template":"","meta":[],"product_cat":[91],"product_tag":[],"class_list":{"0":"post-1571","1":"product","2":"type-product","3":"status-publish","4":"has-post-thumbnail","6":"product_cat-eletmod-terulet","8":"first","9":"instock","10":"shipping-taxable","11":"product-type-simple"},"yoast_head":"<!-- This site is optimized with the Yoast SEO plugin v21.7 - https:\/\/yoast.com\/wordpress\/plugins\/seo\/ -->\n<title>&quot;Life Style&quot; WC-Garnit\u00fara - Lajta-Haas Kft.<\/title>\n<meta name=\"robots\" content=\"index, follow, max-snippet:-1, max-image-preview:large, max-video-preview:-1\" \/>\n<link rel=\"canonical\" href=\"https:\/\/rival-haas.hu\/en\/products\/life-style-wc-garnitura-gumirozott-peremtisztitoval-nemesfem-markolattal-olajozott-bukkfa-fedellel\/\" \/>\n<meta property=\"og:locale\" content=\"en_US\" \/>\n<meta property=\"og:type\" content=\"article\" \/>\n<meta property=\"og:title\" content=\"&quot;Life Style&quot; WC-Garnit\u00fara - Lajta-Haas Kft.\" \/>\n<meta property=\"og:description\" content=\"gumirozott peremtiszt\u00edt\u00f3val, nemesf\u00e9m markolattal, olajozott b\u00fckkfa fed\u00e9llel\" \/>\n<meta property=\"og:url\" content=\"https:\/\/rival-haas.hu\/en\/products\/life-style-wc-garnitura-gumirozott-peremtisztitoval-nemesfem-markolattal-olajozott-bukkfa-fedellel\/\" \/>\n<meta property=\"og:site_name\" content=\"Lajta-Haas Kft.\" \/>\n<meta property=\"article:modified_time\" content=\"2023-07-14T12:13:24+00:00\" \/>\n<meta property=\"og:image\" content=\"https:\/\/rival-haas.hu\/wp-content\/uploads\/LS33820000E00.jpg\" \/>\n\t<meta property=\"og:image:width\" content=\"1000\" \/>\n\t<meta property=\"og:image:height\" content=\"800\" \/>\n\t<meta property=\"og:image:type\" content=\"image\/jpeg\" \/>\n<meta name=\"twitter:card\" content=\"summary_large_image\" \/>\n<meta name=\"twitter:label1\" content=\"Est. reading time\" \/>\n\t<meta name=\"twitter:data1\" content=\"1 minute\" \/>\n<script type=\"application\/ld+json\" class=\"yoast-schema-graph\">{\"@context\":\"https:\/\/schema.org\",\"@graph\":[{\"@type\":\"WebPage\",\"@id\":\"https:\/\/rival-haas.hu\/en\/products\/life-style-wc-garnitura-gumirozott-peremtisztitoval-nemesfem-markolattal-olajozott-bukkfa-fedellel\/\",\"url\":\"https:\/\/rival-haas.hu\/en\/products\/life-style-wc-garnitura-gumirozott-peremtisztitoval-nemesfem-markolattal-olajozott-bukkfa-fedellel\/\",\"name\":\"\\\"Life Style\\\" WC-Garnit\u00fara - Lajta-Haas Kft.\",\"isPartOf\":{\"@id\":\"https:\/\/rival-haas.hu\/en\/#website\"},\"datePublished\":\"2022-03-31T08:00:50+00:00\",\"dateModified\":\"2023-07-14T12:13:24+00:00\",\"breadcrumb\":{\"@id\":\"https:\/\/rival-haas.hu\/en\/products\/life-style-wc-garnitura-gumirozott-peremtisztitoval-nemesfem-markolattal-olajozott-bukkfa-fedellel\/#breadcrumb\"},\"inLanguage\":\"en-US\",\"potentialAction\":[{\"@type\":\"ReadAction\",\"target\":[\"https:\/\/rival-haas.hu\/en\/products\/life-style-wc-garnitura-gumirozott-peremtisztitoval-nemesfem-markolattal-olajozott-bukkfa-fedellel\/\"]}]},{\"@type\":\"BreadcrumbList\",\"@id\":\"https:\/\/rival-haas.hu\/en\/products\/life-style-wc-garnitura-gumirozott-peremtisztitoval-nemesfem-markolattal-olajozott-bukkfa-fedellel\/#breadcrumb\",\"itemListElement\":[{\"@type\":\"ListItem\",\"position\":1,\"name\":\"Shop\",\"item\":\"https:\/\/rival-haas.hu\/en\/shop\/\"},{\"@type\":\"ListItem\",\"position\":2,\"name\":\"&#8222;Life Style&#8221; WC-Garnit\u00fara\"}]},{\"@type\":\"WebSite\",\"@id\":\"https:\/\/rival-haas.hu\/en\/#website\",\"url\":\"https:\/\/rival-haas.hu\/en\/\",\"name\":\"Lajta-Haas Kft.\",\"description\":\"\",\"potentialAction\":[{\"@type\":\"SearchAction\",\"target\":{\"@type\":\"EntryPoint\",\"urlTemplate\":\"https:\/\/rival-haas.hu\/en\/?s={search_term_string}\"},\"query-input\":\"required name=search_term_string\"}],\"inLanguage\":\"en-US\"}]}<\/script>\n<!-- \/ Yoast SEO plugin. -->","yoast_head_json":{"title":"\"Life Style\" WC-Garnit\u00fara - Lajta-Haas Kft.","robots":{"index":"index","follow":"follow","max-snippet":"max-snippet:-1","max-image-preview":"max-image-preview:large","max-video-preview":"max-video-preview:-1"},"canonical":"https:\/\/rival-haas.hu\/en\/products\/life-style-wc-garnitura-gumirozott-peremtisztitoval-nemesfem-markolattal-olajozott-bukkfa-fedellel\/","og_locale":"en_US","og_type":"article","og_title":"\"Life Style\" WC-Garnit\u00fara - Lajta-Haas Kft.","og_description":"gumirozott peremtiszt\u00edt\u00f3val, nemesf\u00e9m markolattal, olajozott b\u00fckkfa fed\u00e9llel","og_url":"https:\/\/rival-haas.hu\/en\/products\/life-style-wc-garnitura-gumirozott-peremtisztitoval-nemesfem-markolattal-olajozott-bukkfa-fedellel\/","og_site_name":"Lajta-Haas Kft.","article_modified_time":"2023-07-14T12:13:24+00:00","og_image":[{"width":1000,"height":800,"url":"https:\/\/rival-haas.hu\/wp-content\/uploads\/LS33820000E00.jpg","type":"image\/jpeg"}],"twitter_card":"summary_large_image","twitter_misc":{"Est. reading time":"1 minute"},"schema":{"@context":"https:\/\/schema.org","@graph":[{"@type":"WebPage","@id":"https:\/\/rival-haas.hu\/en\/products\/life-style-wc-garnitura-gumirozott-peremtisztitoval-nemesfem-markolattal-olajozott-bukkfa-fedellel\/","url":"https:\/\/rival-haas.hu\/en\/products\/life-style-wc-garnitura-gumirozott-peremtisztitoval-nemesfem-markolattal-olajozott-bukkfa-fedellel\/","name":"\"Life Style\" WC-Garnit\u00fara - Lajta-Haas Kft.","isPartOf":{"@id":"https:\/\/rival-haas.hu\/en\/#website"},"datePublished":"2022-03-31T08:00:50+00:00","dateModified":"2023-07-14T12:13:24+00:00","breadcrumb":{"@id":"https:\/\/rival-haas.hu\/en\/products\/life-style-wc-garnitura-gumirozott-peremtisztitoval-nemesfem-markolattal-olajozott-bukkfa-fedellel\/#breadcrumb"},"inLanguage":"en-US","potentialAction":[{"@type":"ReadAction","target":["https:\/\/rival-haas.hu\/en\/products\/life-style-wc-garnitura-gumirozott-peremtisztitoval-nemesfem-markolattal-olajozott-bukkfa-fedellel\/"]}]},{"@type":"BreadcrumbList","@id":"https:\/\/rival-haas.hu\/en\/products\/life-style-wc-garnitura-gumirozott-peremtisztitoval-nemesfem-markolattal-olajozott-bukkfa-fedellel\/#breadcrumb","itemListElement":[{"@type":"ListItem","position":1,"name":"Shop","item":"https:\/\/rival-haas.hu\/en\/shop\/"},{"@type":"ListItem","position":2,"name":"&#8222;Life Style&#8221; WC-Garnit\u00fara"}]},{"@type":"WebSite","@id":"https:\/\/rival-haas.hu\/en\/#website","url":"https:\/\/rival-haas.hu\/en\/","name":"Lajta-Haas Kft.","description":"","potentialAction":[{"@type":"SearchAction","target":{"@type":"EntryPoint","urlTemplate":"https:\/\/rival-haas.hu\/en\/?s={search_term_string}"},"query-input":"required name=search_term_string"}],"inLanguage":"en-US"}]}},"_links":{"self":[{"href":"https:\/\/rival-haas.hu\/en\/wp-json\/wp\/v2\/product\/1571","targetHints":{"allow":["GET"]}}],"collection":[{"href":"https:\/\/rival-haas.hu\/en\/wp-json\/wp\/v2\/product"}],"about":[{"href":"https:\/\/rival-haas.hu\/en\/wp-json\/wp\/v2\/types\/product"}],"replies":[{"embeddable":true,"href":"https:\/\/rival-haas.hu\/en\/wp-json\/wp\/v2\/comments?post=1571"}],"wp:featuredmedia":[{"embeddable":true,"href":"https:\/\/rival-haas.hu\/en\/wp-json\/wp\/v2\/media\/1733"}],"wp:attachment":[{"href":"https:\/\/rival-haas.hu\/en\/wp-json\/wp\/v2\/media?parent=1571"}],"wp:term":[{"taxonomy":"product_cat","embeddable":true,"href":"https:\/\/rival-haas.hu\/en\/wp-json\/wp\/v2\/product_cat?post=1571"},{"taxonomy":"product_tag","embeddable":true,"href":"https:\/\/rival-haas.hu\/en\/wp-json\/wp\/v2\/product_tag?post=1571"}],"curies":[{"name":"wp","href":"https:\/\/api.w.org\/{rel}","templated":true}]}}