{"id":1681,"date":"2023-04-17T14:17:05","date_gmt":"2023-04-17T12:17:05","guid":{"rendered":"http:\/\/wp.rival-haas.hu\/?post_type=product&#038;p=1681"},"modified":"2023-04-25T21:06:35","modified_gmt":"2023-04-25T19:06:35","slug":"higi-wc-garnitura-femnyelu","status":"publish","type":"product","link":"https:\/\/rival-haas.hu\/en\/products\/higi-wc-garnitura-femnyelu\/","title":{"rendered":"HIGI WC-garnit\u00fara f\u00e9mnyel\u0171"},"content":{"rendered":"","protected":false},"excerpt":{"rendered":"<p>g\u00f6mb. Kef\u00e9vel, vegyes sz\u00ednek<\/p>\n","protected":false},"featured_media":1732,"comment_status":"open","ping_status":"closed","template":"","meta":[],"product_cat":[34,100],"product_tag":[],"class_list":{"0":"post-1681","1":"product","2":"type-product","3":"status-publish","4":"has-post-thumbnail","6":"product_cat-klasszikusaink-ismert-jol-bevallt-termekeink","7":"product_cat-wc-kefek-es-wc-garniturak","9":"first","10":"instock","11":"shipping-taxable","12":"product-type-simple"},"yoast_head":"<!-- This site is optimized with the Yoast SEO plugin v21.7 - https:\/\/yoast.com\/wordpress\/plugins\/seo\/ -->\n<title>HIGI WC-garnit\u00fara f\u00e9mnyel\u0171 - Lajta-Haas Kft.<\/title>\n<meta name=\"robots\" content=\"index, follow, max-snippet:-1, max-image-preview:large, max-video-preview:-1\" \/>\n<link rel=\"canonical\" href=\"https:\/\/rival-haas.hu\/en\/products\/higi-wc-garnitura-femnyelu\/\" \/>\n<meta property=\"og:locale\" content=\"en_US\" \/>\n<meta property=\"og:type\" content=\"article\" \/>\n<meta property=\"og:title\" content=\"HIGI WC-garnit\u00fara f\u00e9mnyel\u0171 - Lajta-Haas Kft.\" \/>\n<meta property=\"og:description\" content=\"g\u00f6mb. Kef\u00e9vel, vegyes sz\u00ednek\" \/>\n<meta property=\"og:url\" content=\"https:\/\/rival-haas.hu\/en\/products\/higi-wc-garnitura-femnyelu\/\" \/>\n<meta property=\"og:site_name\" content=\"Lajta-Haas Kft.\" \/>\n<meta property=\"article:modified_time\" content=\"2023-04-25T19:06:35+00:00\" \/>\n<meta property=\"og:image\" content=\"https:\/\/rival-haas.hu\/wp-content\/uploads\/330977.jpg\" \/>\n\t<meta property=\"og:image:width\" content=\"1000\" \/>\n\t<meta property=\"og:image:height\" content=\"800\" \/>\n\t<meta property=\"og:image:type\" content=\"image\/jpeg\" \/>\n<meta name=\"twitter:card\" content=\"summary_large_image\" \/>\n<script type=\"application\/ld+json\" class=\"yoast-schema-graph\">{\"@context\":\"https:\/\/schema.org\",\"@graph\":[{\"@type\":\"WebPage\",\"@id\":\"https:\/\/rival-haas.hu\/en\/products\/higi-wc-garnitura-femnyelu\/\",\"url\":\"https:\/\/rival-haas.hu\/en\/products\/higi-wc-garnitura-femnyelu\/\",\"name\":\"HIGI WC-garnit\u00fara f\u00e9mnyel\u0171 - Lajta-Haas Kft.\",\"isPartOf\":{\"@id\":\"https:\/\/rival-haas.hu\/en\/#website\"},\"datePublished\":\"2023-04-17T12:17:05+00:00\",\"dateModified\":\"2023-04-25T19:06:35+00:00\",\"breadcrumb\":{\"@id\":\"https:\/\/rival-haas.hu\/en\/products\/higi-wc-garnitura-femnyelu\/#breadcrumb\"},\"inLanguage\":\"en-US\",\"potentialAction\":[{\"@type\":\"ReadAction\",\"target\":[\"https:\/\/rival-haas.hu\/en\/products\/higi-wc-garnitura-femnyelu\/\"]}]},{\"@type\":\"BreadcrumbList\",\"@id\":\"https:\/\/rival-haas.hu\/en\/products\/higi-wc-garnitura-femnyelu\/#breadcrumb\",\"itemListElement\":[{\"@type\":\"ListItem\",\"position\":1,\"name\":\"Shop\",\"item\":\"https:\/\/rival-haas.hu\/en\/shop\/\"},{\"@type\":\"ListItem\",\"position\":2,\"name\":\"HIGI WC-garnit\u00fara f\u00e9mnyel\u0171\"}]},{\"@type\":\"WebSite\",\"@id\":\"https:\/\/rival-haas.hu\/en\/#website\",\"url\":\"https:\/\/rival-haas.hu\/en\/\",\"name\":\"Lajta-Haas Kft.\",\"description\":\"\",\"potentialAction\":[{\"@type\":\"SearchAction\",\"target\":{\"@type\":\"EntryPoint\",\"urlTemplate\":\"https:\/\/rival-haas.hu\/en\/?s={search_term_string}\"},\"query-input\":\"required name=search_term_string\"}],\"inLanguage\":\"en-US\"}]}<\/script>\n<!-- \/ Yoast SEO plugin. -->","yoast_head_json":{"title":"HIGI WC-garnit\u00fara f\u00e9mnyel\u0171 - Lajta-Haas Kft.","robots":{"index":"index","follow":"follow","max-snippet":"max-snippet:-1","max-image-preview":"max-image-preview:large","max-video-preview":"max-video-preview:-1"},"canonical":"https:\/\/rival-haas.hu\/en\/products\/higi-wc-garnitura-femnyelu\/","og_locale":"en_US","og_type":"article","og_title":"HIGI WC-garnit\u00fara f\u00e9mnyel\u0171 - Lajta-Haas Kft.","og_description":"g\u00f6mb. Kef\u00e9vel, vegyes sz\u00ednek","og_url":"https:\/\/rival-haas.hu\/en\/products\/higi-wc-garnitura-femnyelu\/","og_site_name":"Lajta-Haas Kft.","article_modified_time":"2023-04-25T19:06:35+00:00","og_image":[{"width":1000,"height":800,"url":"https:\/\/rival-haas.hu\/wp-content\/uploads\/330977.jpg","type":"image\/jpeg"}],"twitter_card":"summary_large_image","schema":{"@context":"https:\/\/schema.org","@graph":[{"@type":"WebPage","@id":"https:\/\/rival-haas.hu\/en\/products\/higi-wc-garnitura-femnyelu\/","url":"https:\/\/rival-haas.hu\/en\/products\/higi-wc-garnitura-femnyelu\/","name":"HIGI WC-garnit\u00fara f\u00e9mnyel\u0171 - Lajta-Haas Kft.","isPartOf":{"@id":"https:\/\/rival-haas.hu\/en\/#website"},"datePublished":"2023-04-17T12:17:05+00:00","dateModified":"2023-04-25T19:06:35+00:00","breadcrumb":{"@id":"https:\/\/rival-haas.hu\/en\/products\/higi-wc-garnitura-femnyelu\/#breadcrumb"},"inLanguage":"en-US","potentialAction":[{"@type":"ReadAction","target":["https:\/\/rival-haas.hu\/en\/products\/higi-wc-garnitura-femnyelu\/"]}]},{"@type":"BreadcrumbList","@id":"https:\/\/rival-haas.hu\/en\/products\/higi-wc-garnitura-femnyelu\/#breadcrumb","itemListElement":[{"@type":"ListItem","position":1,"name":"Shop","item":"https:\/\/rival-haas.hu\/en\/shop\/"},{"@type":"ListItem","position":2,"name":"HIGI WC-garnit\u00fara f\u00e9mnyel\u0171"}]},{"@type":"WebSite","@id":"https:\/\/rival-haas.hu\/en\/#website","url":"https:\/\/rival-haas.hu\/en\/","name":"Lajta-Haas Kft.","description":"","potentialAction":[{"@type":"SearchAction","target":{"@type":"EntryPoint","urlTemplate":"https:\/\/rival-haas.hu\/en\/?s={search_term_string}"},"query-input":"required name=search_term_string"}],"inLanguage":"en-US"}]}},"_links":{"self":[{"href":"https:\/\/rival-haas.hu\/en\/wp-json\/wp\/v2\/product\/1681","targetHints":{"allow":["GET"]}}],"collection":[{"href":"https:\/\/rival-haas.hu\/en\/wp-json\/wp\/v2\/product"}],"about":[{"href":"https:\/\/rival-haas.hu\/en\/wp-json\/wp\/v2\/types\/product"}],"replies":[{"embeddable":true,"href":"https:\/\/rival-haas.hu\/en\/wp-json\/wp\/v2\/comments?post=1681"}],"wp:featuredmedia":[{"embeddable":true,"href":"https:\/\/rival-haas.hu\/en\/wp-json\/wp\/v2\/media\/1732"}],"wp:attachment":[{"href":"https:\/\/rival-haas.hu\/en\/wp-json\/wp\/v2\/media?parent=1681"}],"wp:term":[{"taxonomy":"product_cat","embeddable":true,"href":"https:\/\/rival-haas.hu\/en\/wp-json\/wp\/v2\/product_cat?post=1681"},{"taxonomy":"product_tag","embeddable":true,"href":"https:\/\/rival-haas.hu\/en\/wp-json\/wp\/v2\/product_tag?post=1681"}],"curies":[{"name":"wp","href":"https:\/\/api.w.org\/{rel}","templated":true}]}}